{"id":951,"date":"2018-05-13T18:56:06","date_gmt":"2018-05-13T16:56:06","guid":{"rendered":"https:\/\/www.rwk-onlinemelder.de\/?page_id=951"},"modified":"2018-05-23T13:51:14","modified_gmt":"2018-05-23T11:51:14","slug":"rwk-listen-und-tabellen","status":"publish","type":"page","link":"https:\/\/www.rwk-onlinemelder.de\/en\/produkte\/rwk-listen-und-tabellen\/","title":{"rendered":"RWK Listen und Tabellen"},"content":{"rendered":"<p><strong>RWK Listen und Tabellen<\/strong> ist die zentrale Anlaufstelle f\u00fcr Sch\u00fctzinnen und Sch\u00fctzen. Hier sind alle Informationen f\u00fcr Teilnehmer, Beobachter und andere Interessierte geb\u00fcndelt. Unmittelbar nach der Online-Meldung stehen die Ergebnisse in Tabellen, Einzelwertung und Statistiken zur Verf\u00fcgung.<br \/>\nDazu ein \u00dcberblick:<\/p>\n<div class=\"su-animate\" style=\"opacity:0;-webkit-animation-duration:1.5s;-webkit-animation-delay:0s;animation-duration:1.5s;animation-delay:0s;\" data-animation=\"fadeIn\" data-duration=\"1.5\" data-delay=\"0\"><span style=\"color: #53a1b8; font-size: 20px; font-weight: bold;\">Wettkampfpl\u00e4ne<\/span><\/p>\n<p><strong>Wer gegen wen?<\/strong><br \/>\nMit den Wettkampfpl\u00e4nen ist schnell und einfach ersichtlich, wer gegen wen bis wann antreten darf. Zus\u00e4tzlich k\u00f6nnen die Daten der Schie\u00dfst\u00e4tten und &#8211; f\u00fcr eingeloggte &#8211; die Kontakte der Mannschaften abgerufen werden.<br \/>\n<\/div>\n<div class=\"su-animate\" style=\"opacity:0;-webkit-animation-duration:1.5s;-webkit-animation-delay:0.3s;animation-duration:1.5s;animation-delay:0.3s;\" data-animation=\"fadeIn\" data-duration=\"1.5\" data-delay=\"0.3\"><span style=\"color: #53a1b8; font-size: 20px; font-weight: bold;\">Offene Wettk\u00e4mpfe und abgeschlossene Runden<\/span><\/p>\n<p><strong>Was war, was wird?<\/strong><br \/>\nAbgeschlossene Runden k\u00f6nnen bis ins Detail genau betrachtet werden. Wer hat welches Ergebnis erzielt und gegen wen gewonnen oder verloren, wem droht der Abstieg oder gelingt vielleicht der Aufstieg in eine h\u00f6here Klasse? All diese Informationen sind mit wenigen Klicks erreichbar und k\u00f6nnen druckergerecht exportiert werden.<br \/>\n<\/div>\n<div class=\"su-animate\" style=\"opacity:0;-webkit-animation-duration:1.5s;-webkit-animation-delay:0.3s;animation-duration:1.5s;animation-delay:0.3s;\" data-animation=\"fadeIn\" data-duration=\"1.5\" data-delay=\"0.3\"><span style=\"color: #53a1b8; font-size: 20px; font-weight: bold;\">Tabelle<\/span><\/p>\n<p><strong>Wer steht wo?<\/strong><br \/>\n&#8220;Oben und Unten&#8221; sind oft nur wenige Z\u00e4hler auseinander. Die Tabellen zeigen auf den ersten Blick die Gesamtsituation und ber\u00fccksichtigen die g\u00e4ngigsten Regelwerke von der C-Klasse bis zur Bundesliga mit all ihren Auspr\u00e4gungen vom Punktabzug bis zum direkten Vergleich.<\/p>\n<\/div>\n<div class=\"su-animate\" style=\"opacity:0;-webkit-animation-duration:1.5s;-webkit-animation-delay:0.3s;animation-duration:1.5s;animation-delay:0.3s;\" data-animation=\"fadeIn\" data-duration=\"1.5\" data-delay=\"0.3\"><span style=\"color: #53a1b8; font-size: 20px; font-weight: bold;\">Mannschafts- und Einzelergebnisse<\/span><\/p>\n<p><strong>Kantersieg oder enge Kiste?<\/strong><br \/>\nDie einzelnen Begegnungen lassen sich bis ins Detail nachverfolgen. Ob im &#8220;Mann-gegen-Mann&#8221; Modus mit Einzel- und Mannschaftsstechen oder nach Gesamtringzahl lassen sich alle Einzelheiten schnell und \u00fcbersichtlich auf den Bildschirm bringen.<\/p>\n<\/div>\n<div class=\"su-animate\" style=\"opacity:0;-webkit-animation-duration:1.5s;-webkit-animation-delay:0.3s;animation-duration:1.5s;animation-delay:0.3s;\" data-animation=\"fadeIn\" data-duration=\"1.5\" data-delay=\"0.3\"><span style=\"color: #53a1b8; font-size: 20px; font-weight: bold;\">Einzelwertung<\/span><\/p>\n<p><strong>Gold, Silber, Bronze oder doch nur Blech?<\/strong><br \/>\nAm Ende steht doch jeder gerne oben. Ob nach Ringdurchschnitt auf- oder absteigend, nach Gesamtringzahl, ob mit oder ohne Streichergebnis kann nach Mindestrunden oder gar alles gewertet werden. Die Einzelwertung l\u00e4sst hier keine W\u00fcnsche offen und kann sogar nach Alters- und Geschlechtspezifischen Klassen gesteuert werden und wer m\u00f6chte, kann den Vergleich mit anderen Ligen wagen.<\/p>\n<\/div>\n<div class=\"su-animate\" style=\"opacity:0;-webkit-animation-duration:1.5s;-webkit-animation-delay:0.3s;animation-duration:1.5s;animation-delay:0.3s;\" data-animation=\"fadeIn\" data-duration=\"1.5\" data-delay=\"0.3\"><span style=\"color: #53a1b8; font-size: 20px; font-weight: bold;\">Setzlisten<\/span><\/p>\n<p><strong>Strategie oder Zufall?<\/strong><br \/>\nSetzlisten werden nach Durchg\u00e4ngen berechnet und geben den Mannschaften und deren Sch\u00fctzinnen und Sch\u00fctzen Auskunft \u00fcber ihre n\u00e4chsten pers\u00f6nlichen Gegner bzw. wer im Falle des Falles nachr\u00fccken k\u00f6nnte.<\/p>\n<\/div>\n<div class=\"su-animate\" style=\"opacity:0;-webkit-animation-duration:1.5s;-webkit-animation-delay:0.3s;animation-duration:1.5s;animation-delay:0.3s;\" data-animation=\"fadeIn\" data-duration=\"1.5\" data-delay=\"0.3\"><span style=\"color: #53a1b8; font-size: 20px; font-weight: bold;\">Ist das alles?<\/span><\/p>\n<p><strong>Wir sind noch nicht fertig<\/strong><br \/>\nEs gibt nat\u00fcrlich noch mehr bereits fertige Funktionalit\u00e4ten, die in der Dokumentation nachgelesen werden k\u00f6nnen. Gerne <a href=\"https:\/\/www.rwk-onlinemelder.de\/service\/\">informieren<\/a> wir Sie pers\u00f6nlich.<br \/>\nAu\u00dferdem steht von Ligaschnitt-Vergleichen bis zu Leistungskurven noch so einiges auf unserer Aufgabenliste.<\/p>\n<\/div>\n<h4>Impressionen<\/h4>\n<div id=\"su_carousel_69f6321466738\" class=\"su-carousel su-carousel-centered su-carousel-pages-no su-carousel-responsive-yes su-lightbox-gallery\" style=\"width:100%\" data-autoplay=\"7000\" data-speed=\"1000\" data-mousewheel=\"true\" data-items=\"3\" data-scroll=\"1\"><div class=\"su-carousel-slides\"><div class=\"su-carousel-slide\"><a href=\"https:\/\/www.rwk-onlinemelder.de\/wp-content\/uploads\/2018\/05\/12-WKPlan-Online-HTMLPDFiCal.jpg\" title=\"Wettkampfplan Online &#8211; HTML + PDF + iCal\"><img decoding=\"async\" src=\"https:\/\/www.rwk-onlinemelder.de\/wp-content\/uploads\/2018\/05\/12-WKPlan-Online-HTMLPDFiCal-182x100.jpg\" alt=\"Wettkampfplan Online &#8211; HTML + PDF + iCal\" \/><\/a><\/div><div class=\"su-carousel-slide\"><a href=\"https:\/\/www.rwk-onlinemelder.de\/wp-content\/uploads\/2017\/12\/40-Tabellen-Ergebnisdarstellung-komplett.jpg\" title=\"Tabellen-Ergebnisdarstellung &#8211; komplett\"><img decoding=\"async\" src=\"https:\/\/www.rwk-onlinemelder.de\/wp-content\/uploads\/2017\/12\/40-Tabellen-Ergebnisdarstellung-komplett-182x100.jpg\" alt=\"Tabellen-Ergebnisdarstellung &#8211; komplett\" \/><\/a><\/div><div class=\"su-carousel-slide\"><a href=\"https:\/\/www.rwk-onlinemelder.de\/wp-content\/uploads\/2017\/12\/41-Tabellen-Ergebnisdarstellung-Runde.jpg\" title=\"Tabellen-Ergebnisdarstellung &#8211; Runde\"><img decoding=\"async\" src=\"https:\/\/www.rwk-onlinemelder.de\/wp-content\/uploads\/2017\/12\/41-Tabellen-Ergebnisdarstellung-Runde-182x100.jpg\" alt=\"Tabellen-Ergebnisdarstellung &#8211; Runde\" \/><\/a><\/div><div class=\"su-carousel-slide\"><a href=\"https:\/\/www.rwk-onlinemelder.de\/wp-content\/uploads\/2017\/12\/42-Ergebnisdarstellung-Einzelwertung.jpg\" title=\"Ergebnisdarstellung &#8211; Einzelwertung\"><img decoding=\"async\" src=\"https:\/\/www.rwk-onlinemelder.de\/wp-content\/uploads\/2017\/12\/42-Ergebnisdarstellung-Einzelwertung-182x100.jpg\" alt=\"Ergebnisdarstellung &#8211; Einzelwertung\" \/><\/a><\/div><div class=\"su-carousel-slide\"><a href=\"https:\/\/www.rwk-onlinemelder.de\/wp-content\/uploads\/2017\/12\/43-Ergebnisdarstellung-Setzliste.jpg\" title=\"Ergebnisdarstellung &#8211; Setzliste\"><img decoding=\"async\" src=\"https:\/\/www.rwk-onlinemelder.de\/wp-content\/uploads\/2017\/12\/43-Ergebnisdarstellung-Setzliste-182x100.jpg\" alt=\"Ergebnisdarstellung &#8211; Setzliste\" \/><\/a><\/div><div class=\"su-carousel-slide\"><a href=\"https:\/\/www.rwk-onlinemelder.de\/wp-content\/uploads\/2017\/12\/44-Ergebnisarchivierung.jpg\" title=\"Ergebnisarchivierung\"><img decoding=\"async\" src=\"https:\/\/www.rwk-onlinemelder.de\/wp-content\/uploads\/2017\/12\/44-Ergebnisarchivierung-182x100.jpg\" alt=\"Ergebnisarchivierung\" \/><\/a><\/div><\/div><div class=\"su-carousel-nav\"><div class=\"su-carousel-direction\"><span class=\"su-carousel-prev\"><\/span><span class=\"su-carousel-next\"><\/span><\/div><div class=\"su-carousel-pagination\"><\/div><\/div><\/div>\n","protected":false},"excerpt":{"rendered":"<p>RWK Listen und Tabellen ist die zentrale Anlaufstelle f\u00fcr Sch\u00fctzinnen und Sch\u00fctzen. Hier sind alle Informationen f\u00fcr Teilnehmer, Beobachter und andere Interessierte geb\u00fcndelt. Unmittelbar nach der Online-Meldung stehen die Ergebnisse in Tabellen, Einzelwertung und Statistiken zur Verf\u00fcgung. Dazu ein \u00dcberblick: Impressionen<\/p>\n","protected":false},"author":2,"featured_media":0,"parent":41,"menu_order":0,"comment_status":"closed","ping_status":"closed","template":"","meta":{"jetpack_post_was_ever_published":false,"footnotes":""},"class_list":["post-951","page","type-page","status-publish","hentry"],"translation":{"provider":"WPGlobus","version":"3.0.0","language":"en","enabled_languages":["de","en"],"languages":{"de":{"title":true,"content":true,"excerpt":false},"en":{"title":false,"content":false,"excerpt":false}}},"yoast_head":"<!-- This site is optimized with the Yoast SEO plugin v26.5 - https:\/\/yoast.com\/wordpress\/plugins\/seo\/ -->\n<title>RWK Listen und Tabellen - RWK-Onlinemelder<\/title>\n<meta name=\"robots\" content=\"index, follow, max-snippet:-1, max-image-preview:large, max-video-preview:-1\" \/>\n<link rel=\"canonical\" href=\"https:\/\/www.rwk-onlinemelder.de\/produkte\/rwk-listen-und-tabellen\/\" \/>\n<meta property=\"og:locale\" content=\"en_US\" \/>\n<meta property=\"og:type\" content=\"article\" \/>\n<meta property=\"og:title\" content=\"RWK Listen und Tabellen - RWK-Onlinemelder\" \/>\n<meta property=\"og:url\" content=\"https:\/\/www.rwk-onlinemelder.de\/produkte\/rwk-listen-und-tabellen\/\" \/>\n<meta property=\"og:site_name\" content=\"RWK-Onlinemelder\" \/>\n<meta property=\"article:modified_time\" content=\"2018-05-23T11:51:14+00:00\" \/>\n<meta property=\"og:image\" content=\"https:\/\/www.rwk-onlinemelder.de\/wp-content\/uploads\/2017\/12\/logo-design-dna.png\" \/>\n\t<meta property=\"og:image:width\" content=\"588\" \/>\n\t<meta property=\"og:image:height\" content=\"588\" \/>\n\t<meta property=\"og:image:type\" content=\"image\/png\" \/>\n<meta name=\"twitter:card\" content=\"summary_large_image\" \/>\n<meta name=\"twitter:label1\" content=\"Est. reading time\" \/>\n\t<meta name=\"twitter:data1\" content=\"2 minutes\" \/>\n<script type=\"application\/ld+json\" class=\"yoast-schema-graph\">{\"@context\":\"https:\/\/schema.org\",\"@graph\":[{\"@type\":\"WebPage\",\"@id\":\"https:\/\/www.rwk-onlinemelder.de\/produkte\/rwk-listen-und-tabellen\/\",\"url\":\"https:\/\/www.rwk-onlinemelder.de\/produkte\/rwk-listen-und-tabellen\/\",\"name\":\"RWK Listen und Tabellen - RWK-Onlinemelder\",\"isPartOf\":{\"@id\":\"https:\/\/www.rwk-onlinemelder.de\/#website\"},\"datePublished\":\"2018-05-13T16:56:06+00:00\",\"dateModified\":\"2018-05-23T11:51:14+00:00\",\"breadcrumb\":{\"@id\":\"https:\/\/www.rwk-onlinemelder.de\/produkte\/rwk-listen-und-tabellen\/#breadcrumb\"},\"inLanguage\":\"en-US\",\"potentialAction\":[{\"@type\":\"ReadAction\",\"target\":[\"https:\/\/www.rwk-onlinemelder.de\/produkte\/rwk-listen-und-tabellen\/\"]}]},{\"@type\":\"BreadcrumbList\",\"@id\":\"https:\/\/www.rwk-onlinemelder.de\/produkte\/rwk-listen-und-tabellen\/#breadcrumb\",\"itemListElement\":[{\"@type\":\"ListItem\",\"position\":1,\"name\":\"Startseite\",\"item\":\"https:\/\/www.rwk-onlinemelder.de\/\"},{\"@type\":\"ListItem\",\"position\":2,\"name\":\"Produkte\",\"item\":\"https:\/\/www.rwk-onlinemelder.de\/produkte\/\"},{\"@type\":\"ListItem\",\"position\":3,\"name\":\"RWK Listen und Tabellen\"}]},{\"@type\":\"WebSite\",\"@id\":\"https:\/\/www.rwk-onlinemelder.de\/#website\",\"url\":\"https:\/\/www.rwk-onlinemelder.de\/\",\"name\":\"RWK-Onlinemelder\",\"description\":\"Competition ... fast, easy, save ... complete\",\"publisher\":{\"@id\":\"https:\/\/www.rwk-onlinemelder.de\/#organization\"},\"potentialAction\":[{\"@type\":\"SearchAction\",\"target\":{\"@type\":\"EntryPoint\",\"urlTemplate\":\"https:\/\/www.rwk-onlinemelder.de\/?s={search_term_string}\"},\"query-input\":{\"@type\":\"PropertyValueSpecification\",\"valueRequired\":true,\"valueName\":\"search_term_string\"}}],\"inLanguage\":\"en-US\"},{\"@type\":\"Organization\",\"@id\":\"https:\/\/www.rwk-onlinemelder.de\/#organization\",\"name\":\"RWK-Onlinemelder\",\"url\":\"https:\/\/www.rwk-onlinemelder.de\/\",\"logo\":{\"@type\":\"ImageObject\",\"inLanguage\":\"en-US\",\"@id\":\"https:\/\/www.rwk-onlinemelder.de\/#\/schema\/logo\/image\/\",\"url\":\"https:\/\/www.rwk-onlinemelder.de\/wp-content\/uploads\/2017\/12\/logo-design-dna.png\",\"contentUrl\":\"https:\/\/www.rwk-onlinemelder.de\/wp-content\/uploads\/2017\/12\/logo-design-dna.png\",\"width\":588,\"height\":588,\"caption\":\"RWK-Onlinemelder\"},\"image\":{\"@id\":\"https:\/\/www.rwk-onlinemelder.de\/#\/schema\/logo\/image\/\"}}]}<\/script>\n<!-- \/ Yoast SEO plugin. -->","yoast_head_json":{"title":"RWK Listen und Tabellen - RWK-Onlinemelder","robots":{"index":"index","follow":"follow","max-snippet":"max-snippet:-1","max-image-preview":"max-image-preview:large","max-video-preview":"max-video-preview:-1"},"canonical":"https:\/\/www.rwk-onlinemelder.de\/produkte\/rwk-listen-und-tabellen\/","og_locale":"en_US","og_type":"article","og_title":"RWK Listen und Tabellen - RWK-Onlinemelder","og_url":"https:\/\/www.rwk-onlinemelder.de\/produkte\/rwk-listen-und-tabellen\/","og_site_name":"RWK-Onlinemelder","article_modified_time":"2018-05-23T11:51:14+00:00","og_image":[{"width":588,"height":588,"url":"https:\/\/www.rwk-onlinemelder.de\/wp-content\/uploads\/2017\/12\/logo-design-dna.png","type":"image\/png"}],"twitter_card":"summary_large_image","twitter_misc":{"Est. reading time":"2 minutes"},"schema":{"@context":"https:\/\/schema.org","@graph":[{"@type":"WebPage","@id":"https:\/\/www.rwk-onlinemelder.de\/produkte\/rwk-listen-und-tabellen\/","url":"https:\/\/www.rwk-onlinemelder.de\/produkte\/rwk-listen-und-tabellen\/","name":"RWK Listen und Tabellen - RWK-Onlinemelder","isPartOf":{"@id":"https:\/\/www.rwk-onlinemelder.de\/#website"},"datePublished":"2018-05-13T16:56:06+00:00","dateModified":"2018-05-23T11:51:14+00:00","breadcrumb":{"@id":"https:\/\/www.rwk-onlinemelder.de\/produkte\/rwk-listen-und-tabellen\/#breadcrumb"},"inLanguage":"en-US","potentialAction":[{"@type":"ReadAction","target":["https:\/\/www.rwk-onlinemelder.de\/produkte\/rwk-listen-und-tabellen\/"]}]},{"@type":"BreadcrumbList","@id":"https:\/\/www.rwk-onlinemelder.de\/produkte\/rwk-listen-und-tabellen\/#breadcrumb","itemListElement":[{"@type":"ListItem","position":1,"name":"Startseite","item":"https:\/\/www.rwk-onlinemelder.de\/"},{"@type":"ListItem","position":2,"name":"Produkte","item":"https:\/\/www.rwk-onlinemelder.de\/produkte\/"},{"@type":"ListItem","position":3,"name":"RWK Listen und Tabellen"}]},{"@type":"WebSite","@id":"https:\/\/www.rwk-onlinemelder.de\/#website","url":"https:\/\/www.rwk-onlinemelder.de\/","name":"RWK-Onlinemelder","description":"Competition ... fast, easy, save ... complete","publisher":{"@id":"https:\/\/www.rwk-onlinemelder.de\/#organization"},"potentialAction":[{"@type":"SearchAction","target":{"@type":"EntryPoint","urlTemplate":"https:\/\/www.rwk-onlinemelder.de\/?s={search_term_string}"},"query-input":{"@type":"PropertyValueSpecification","valueRequired":true,"valueName":"search_term_string"}}],"inLanguage":"en-US"},{"@type":"Organization","@id":"https:\/\/www.rwk-onlinemelder.de\/#organization","name":"RWK-Onlinemelder","url":"https:\/\/www.rwk-onlinemelder.de\/","logo":{"@type":"ImageObject","inLanguage":"en-US","@id":"https:\/\/www.rwk-onlinemelder.de\/#\/schema\/logo\/image\/","url":"https:\/\/www.rwk-onlinemelder.de\/wp-content\/uploads\/2017\/12\/logo-design-dna.png","contentUrl":"https:\/\/www.rwk-onlinemelder.de\/wp-content\/uploads\/2017\/12\/logo-design-dna.png","width":588,"height":588,"caption":"RWK-Onlinemelder"},"image":{"@id":"https:\/\/www.rwk-onlinemelder.de\/#\/schema\/logo\/image\/"}}]}},"jetpack_sharing_enabled":true,"_links":{"self":[{"href":"https:\/\/www.rwk-onlinemelder.de\/en\/wp-json\/wp\/v2\/pages\/951","targetHints":{"allow":["GET"]}}],"collection":[{"href":"https:\/\/www.rwk-onlinemelder.de\/en\/wp-json\/wp\/v2\/pages"}],"about":[{"href":"https:\/\/www.rwk-onlinemelder.de\/en\/wp-json\/wp\/v2\/types\/page"}],"author":[{"embeddable":true,"href":"https:\/\/www.rwk-onlinemelder.de\/en\/wp-json\/wp\/v2\/users\/2"}],"replies":[{"embeddable":true,"href":"https:\/\/www.rwk-onlinemelder.de\/en\/wp-json\/wp\/v2\/comments?post=951"}],"version-history":[{"count":29,"href":"https:\/\/www.rwk-onlinemelder.de\/en\/wp-json\/wp\/v2\/pages\/951\/revisions"}],"predecessor-version":[{"id":1313,"href":"https:\/\/www.rwk-onlinemelder.de\/en\/wp-json\/wp\/v2\/pages\/951\/revisions\/1313"}],"up":[{"embeddable":true,"href":"https:\/\/www.rwk-onlinemelder.de\/en\/wp-json\/wp\/v2\/pages\/41"}],"wp:attachment":[{"href":"https:\/\/www.rwk-onlinemelder.de\/en\/wp-json\/wp\/v2\/media?parent=951"}],"curies":[{"name":"wp","href":"https:\/\/api.w.org\/{rel}","templated":true}]}}