{"id":61,"date":"2016-05-15T13:57:16","date_gmt":"2016-05-15T11:57:16","guid":{"rendered":"http:\/\/www.rwk-onlinemelder.de\/?page_id=61"},"modified":"2022-10-30T12:18:07","modified_gmt":"2022-10-30T11:18:07","slug":"rwk-service","status":"publish","type":"page","link":"https:\/\/www.rwk-onlinemelder.de\/en\/rwk-service\/","title":{"rendered":"Service"},"content":{"rendered":"<h3>RWK-Onlinemelder-Services<\/h3>\n<h5><\/h5>\n<h5>Vorstellung des RWK-Onlinemelder<\/h5>\n<p>Neugierig geworden? Gerne stellen wir Ihnen das <a title=\"Komplettsystem RWK-Onlinemelder\" href=\"https:\/\/www.rwk-onlinemelder.de\/?page_id=41\">Komplettsystem RWK-Onlinemelder<\/a>\u00a0in Ihrem Bezirk, Gau oder Kreis vor und pr\u00e4sentieren Ihnen und Ihren Mitarbeitern die Funktionsweise des RWK-Onlinemelder und der RWK-Planung live vor Ort. Vollkommen unverbindlich &#8211; Entfernung spielt keine Rolle!<br \/>\n<a href=\"mailto:helmut.vogt@rwk-onlinemelder.de?subject=Vorf%C3%BChrung%20RWK-Onlinemelder%20in%20unserem%20Gau\/Kreis\" class=\"su-button su-button-style-default\" style=\"color:#FFFFFF;background-color:#53a1b8;border-color:#438194;border-radius:8px\" target=\"_self\" title=\"Vorstellung unverbindlich anfordern\"><span style=\"color:#FFFFFF;padding:7px 22px;font-size:17px;line-height:26px;border-color:#87bece;border-radius:8px;text-shadow:none\"><i class=\"sui sui-shopping-cart\" style=\"font-size:17px;color:#FFFFFF\"><\/i> Vorstellung unverbindlich anfordern<\/span><\/a>\n<h5><\/h5>\n<h5 style=\"text-align: justify;\">RWK-Onlinemelder Hilfen<\/h5>\n<p>Die folgenden Ausf\u00fchrungen k\u00f6nnen Ihnen eine Hilfe beziehungsweise Denkanst\u00f6\u00dfe zur Einf\u00fchrung des\u00a0RWK-Onlinemelders in Ihrem Verband sein:<\/p>\n<ul style=\"text-align: justify;\">\n<li style=\"margin-bottom: 20px;\"><a href=\"https:\/\/www.rwk-onlinemelder.de\/?smd_process_download=1&amp;download_id=710\" target=\"_blank\" rel=\"noopener\">Muster-Beilage<\/a><br \/>\nz.B.: zur Verteilung mit den Wettkampf-Unterlagen, um die Mannschaftsf\u00fchrer<br \/>\nauf die Verwendung des RWK-Onlinemelders hinzuweisen<\/li>\n<li style=\"margin-bottom: 20px;\"><a href=\"https:\/\/rwk-onlinemelder.de\/service\/muster-vorwort.htm\" target=\"muster\" rel=\"noopener\">Muster-Vorwort<\/a><br \/>\nz.B.: als Vorlage zur Bildung eines Regelwerkes f\u00fcr den RWK-Onlinemelder<\/li>\n<li style=\"margin-bottom: 20px;\">Manche Verb\u00e4nde halten zur Verteilung der Wettkampfunterlagen eine eigene Info-Veranstaltung\u00a0f\u00fcr die Mannschaftsf\u00fchrer ab.<br \/>\nEine solche Info-Veranstaltung eignet sich hervorragend daf\u00fcr, den Einsatz des RWK-Onlinemelders\u00a0mittels eines Laptops\/Beamer und einem Internetzugang den Mannschaftsf\u00fchrern live zu pr\u00e4sentieren\u00a0und zu demonstrieren.<br \/>\nHaben Sie Fragen zur Durchf\u00fchrung einer derartigen Pr\u00e4sentation, so <a title=\"Vorstellung unverbindlich anfordern\" href=\"mailto:info@rwk-onlinemelder.de?subject=Vorf%C3%BChrung%20RWK-Onlinemelder%20in%20unserem%20Gau\/Kreis\"> kontaktieren<\/a> Sie uns bitte.\u00a0Im Umkreis bis zu 250 km k\u00f6nnen gerne auch wir diese Pr\u00e4sentation\u00a0in Ihrer Veranstaltung durchf\u00fchren.<\/li>\n<li><a title=\"Online-Support\" href=\"https:\/\/www.rwk-onlinemelder.de\/?page_id=137\">Online-Support<\/a><\/li>\n<\/ul>\n<h5><\/h5>\n<h5 style=\"text-align: justify;\">RWK-Daten f\u00fcr RWK-Onlinemelder<\/h5>\n<div style=\"text-align: justify;\"><img loading=\"lazy\" decoding=\"async\" data-attachment-id=\"706\" data-permalink=\"https:\/\/www.rwk-onlinemelder.de\/en\/sdm_downloads\/rwk-daten-fuer-rwk-onlinemelder\/rwkdaten2\/\" data-orig-file=\"https:\/\/www.rwk-onlinemelder.de\/wp-content\/uploads\/2018\/04\/rwkdaten2.gif\" data-orig-size=\"649,495\" data-comments-opened=\"0\" data-image-meta=\"{&quot;aperture&quot;:&quot;0&quot;,&quot;credit&quot;:&quot;&quot;,&quot;camera&quot;:&quot;&quot;,&quot;caption&quot;:&quot;&quot;,&quot;created_timestamp&quot;:&quot;0&quot;,&quot;copyright&quot;:&quot;&quot;,&quot;focal_length&quot;:&quot;0&quot;,&quot;iso&quot;:&quot;0&quot;,&quot;shutter_speed&quot;:&quot;0&quot;,&quot;title&quot;:&quot;&quot;,&quot;orientation&quot;:&quot;0&quot;}\" data-image-title=\"rwkdaten2\" data-image-description=\"\" data-image-caption=\"\" data-medium-file=\"https:\/\/www.rwk-onlinemelder.de\/wp-content\/uploads\/2018\/04\/rwkdaten2-300x229.gif\" data-large-file=\"https:\/\/www.rwk-onlinemelder.de\/wp-content\/uploads\/2018\/04\/rwkdaten2.gif\" class=\"alignleft wp-image-706 size-medium\" src=\"https:\/\/www.rwk-onlinemelder.de\/wp-content\/uploads\/2018\/04\/rwkdaten2-300x229.gif\" alt=\"RWK-Daten f\u00fcr RWK-Onlinemelder\" width=\"300\" height=\"229\" srcset=\"https:\/\/www.rwk-onlinemelder.de\/wp-content\/uploads\/2018\/04\/rwkdaten2-300x229.gif 300w, https:\/\/www.rwk-onlinemelder.de\/wp-content\/uploads\/2018\/04\/rwkdaten2-459x350.gif 459w\" sizes=\"auto, (max-width: 300px) 100vw, 300px\" \/>F\u00fcr die komfortable Administration Ihrer Mitglieder- und Wettkampfdaten ist ein eigenst\u00e4ndiges Programm &#8211; RWK-Daten f\u00fcr RWKOnlinemelder &#8211; im Lieferumfang Ihrer RWK-Onlinemelder-Nutzung enthalten. Mit dieser Anwendung werden Ihre Daten in das notwendige Format f\u00fcr den RWK-Onlinemelder konvertiert.<br \/>\nWir gehen beim Datenupload bewusst den Weg eines neutralen Datenformats, um f\u00fcr die unterschiedlichsten Verbandsstrukturen offen zu sein. [icon name=&#8221;download&#8221; class=&#8221;&#8221; unprefixed_class=&#8221;&#8221;] <a title=\"Download RWK-Daten f\u00fcr RWK-Onlinemelder\" href=\"https:\/\/www.rwk-onlinemelder.de\/?sdm_downloads=rwk-daten-fuer-rwk-onlinemelder\">Herunterladen<\/a><\/div>\n<div style=\"text-align: justify;\"><\/div>\n<div style=\"text-align: justify;\">Das Programm erm\u00f6glicht Ihnen:<\/div>\n<ul style=\"text-align: justify;\">\n<li>Erstellung der Mitglieder- und Vereinsdaten unter Einbezug der Startberechtigungen laut Sch\u00fctzenpasseintrag<\/li>\n<li>Erstellung von Presseberichten aus dem Wettkampfexport des RWK-Onlinemelders<br \/>\n(vor\u00fcbergehend)<\/li>\n<\/ul>\n<p>Dabei werden die Daten in der Form aufbereitet und zur Verf\u00fcgung gestellt, dass sie unmittelbar auf die Datenbank des RWK-Onlinemelders hochgeladen werden k\u00f6nnen.<\/p>\n","protected":false},"excerpt":{"rendered":"<p>RWK-Onlinemelder-Services Vorstellung des RWK-Onlinemelder Neugierig geworden? Gerne stellen wir Ihnen das Komplettsystem RWK-Onlinemelder\u00a0in Ihrem Bezirk, Gau oder Kreis vor und pr\u00e4sentieren Ihnen und Ihren Mitarbeitern die Funktionsweise des RWK-Onlinemelder und der RWK-Planung live vor Ort. Vollkommen unverbindlich &#8211; Entfernung spielt keine Rolle! RWK-Onlinemelder Hilfen Die folgenden Ausf\u00fchrungen k\u00f6nnen Ihnen eine \u2026<\/p>\n","protected":false},"author":1,"featured_media":0,"parent":0,"menu_order":4,"comment_status":"closed","ping_status":"closed","template":"","meta":{"jetpack_post_was_ever_published":false,"footnotes":""},"class_list":["post-61","page","type-page","status-publish","hentry"],"translation":{"provider":"WPGlobus","version":"3.0.0","language":"en","enabled_languages":["de","en"],"languages":{"de":{"title":true,"content":true,"excerpt":false},"en":{"title":false,"content":false,"excerpt":false}}},"yoast_head":"<!-- This site is optimized with the Yoast SEO plugin v26.5 - https:\/\/yoast.com\/wordpress\/plugins\/seo\/ -->\n<title>Service - RWK-Onlinemelder<\/title>\n<meta name=\"robots\" content=\"index, follow, max-snippet:-1, max-image-preview:large, max-video-preview:-1\" \/>\n<link rel=\"canonical\" href=\"https:\/\/www.rwk-onlinemelder.de\/rwk-service\/\" \/>\n<meta property=\"og:locale\" content=\"en_US\" \/>\n<meta property=\"og:type\" content=\"article\" \/>\n<meta property=\"og:title\" content=\"Service - RWK-Onlinemelder\" \/>\n<meta property=\"og:url\" content=\"https:\/\/www.rwk-onlinemelder.de\/rwk-service\/\" \/>\n<meta property=\"og:site_name\" content=\"RWK-Onlinemelder\" \/>\n<meta property=\"article:modified_time\" content=\"2022-10-30T11:18:07+00:00\" \/>\n<meta property=\"og:image\" content=\"https:\/\/www.rwk-onlinemelder.de\/wp-content\/uploads\/2018\/04\/rwkdaten2-300x229.gif\" \/>\n<meta name=\"twitter:card\" content=\"summary_large_image\" \/>\n<meta name=\"twitter:label1\" content=\"Est. reading time\" \/>\n\t<meta name=\"twitter:data1\" content=\"2 minutes\" \/>\n<script type=\"application\/ld+json\" class=\"yoast-schema-graph\">{\"@context\":\"https:\/\/schema.org\",\"@graph\":[{\"@type\":\"WebPage\",\"@id\":\"https:\/\/www.rwk-onlinemelder.de\/rwk-service\/\",\"url\":\"https:\/\/www.rwk-onlinemelder.de\/rwk-service\/\",\"name\":\"Service - RWK-Onlinemelder\",\"isPartOf\":{\"@id\":\"https:\/\/www.rwk-onlinemelder.de\/#website\"},\"primaryImageOfPage\":{\"@id\":\"https:\/\/www.rwk-onlinemelder.de\/rwk-service\/#primaryimage\"},\"image\":{\"@id\":\"https:\/\/www.rwk-onlinemelder.de\/rwk-service\/#primaryimage\"},\"thumbnailUrl\":\"https:\/\/www.rwk-onlinemelder.de\/wp-content\/uploads\/2018\/04\/rwkdaten2-300x229.gif\",\"datePublished\":\"2016-05-15T11:57:16+00:00\",\"dateModified\":\"2022-10-30T11:18:07+00:00\",\"breadcrumb\":{\"@id\":\"https:\/\/www.rwk-onlinemelder.de\/rwk-service\/#breadcrumb\"},\"inLanguage\":\"en-US\",\"potentialAction\":[{\"@type\":\"ReadAction\",\"target\":[\"https:\/\/www.rwk-onlinemelder.de\/rwk-service\/\"]}]},{\"@type\":\"ImageObject\",\"inLanguage\":\"en-US\",\"@id\":\"https:\/\/www.rwk-onlinemelder.de\/rwk-service\/#primaryimage\",\"url\":\"https:\/\/www.rwk-onlinemelder.de\/wp-content\/uploads\/2018\/04\/rwkdaten2-300x229.gif\",\"contentUrl\":\"https:\/\/www.rwk-onlinemelder.de\/wp-content\/uploads\/2018\/04\/rwkdaten2-300x229.gif\"},{\"@type\":\"BreadcrumbList\",\"@id\":\"https:\/\/www.rwk-onlinemelder.de\/rwk-service\/#breadcrumb\",\"itemListElement\":[{\"@type\":\"ListItem\",\"position\":1,\"name\":\"Startseite\",\"item\":\"https:\/\/www.rwk-onlinemelder.de\/\"},{\"@type\":\"ListItem\",\"position\":2,\"name\":\"Service\"}]},{\"@type\":\"WebSite\",\"@id\":\"https:\/\/www.rwk-onlinemelder.de\/#website\",\"url\":\"https:\/\/www.rwk-onlinemelder.de\/\",\"name\":\"RWK-Onlinemelder\",\"description\":\"Competition ... fast, easy, save ... complete\",\"publisher\":{\"@id\":\"https:\/\/www.rwk-onlinemelder.de\/#organization\"},\"potentialAction\":[{\"@type\":\"SearchAction\",\"target\":{\"@type\":\"EntryPoint\",\"urlTemplate\":\"https:\/\/www.rwk-onlinemelder.de\/?s={search_term_string}\"},\"query-input\":{\"@type\":\"PropertyValueSpecification\",\"valueRequired\":true,\"valueName\":\"search_term_string\"}}],\"inLanguage\":\"en-US\"},{\"@type\":\"Organization\",\"@id\":\"https:\/\/www.rwk-onlinemelder.de\/#organization\",\"name\":\"RWK-Onlinemelder\",\"url\":\"https:\/\/www.rwk-onlinemelder.de\/\",\"logo\":{\"@type\":\"ImageObject\",\"inLanguage\":\"en-US\",\"@id\":\"https:\/\/www.rwk-onlinemelder.de\/#\/schema\/logo\/image\/\",\"url\":\"https:\/\/www.rwk-onlinemelder.de\/wp-content\/uploads\/2017\/12\/logo-design-dna.png\",\"contentUrl\":\"https:\/\/www.rwk-onlinemelder.de\/wp-content\/uploads\/2017\/12\/logo-design-dna.png\",\"width\":588,\"height\":588,\"caption\":\"RWK-Onlinemelder\"},\"image\":{\"@id\":\"https:\/\/www.rwk-onlinemelder.de\/#\/schema\/logo\/image\/\"}}]}<\/script>\n<!-- \/ Yoast SEO plugin. -->","yoast_head_json":{"title":"Service - RWK-Onlinemelder","robots":{"index":"index","follow":"follow","max-snippet":"max-snippet:-1","max-image-preview":"max-image-preview:large","max-video-preview":"max-video-preview:-1"},"canonical":"https:\/\/www.rwk-onlinemelder.de\/rwk-service\/","og_locale":"en_US","og_type":"article","og_title":"Service - RWK-Onlinemelder","og_url":"https:\/\/www.rwk-onlinemelder.de\/rwk-service\/","og_site_name":"RWK-Onlinemelder","article_modified_time":"2022-10-30T11:18:07+00:00","og_image":[{"url":"https:\/\/www.rwk-onlinemelder.de\/wp-content\/uploads\/2018\/04\/rwkdaten2-300x229.gif","type":"","width":"","height":""}],"twitter_card":"summary_large_image","twitter_misc":{"Est. reading time":"2 minutes"},"schema":{"@context":"https:\/\/schema.org","@graph":[{"@type":"WebPage","@id":"https:\/\/www.rwk-onlinemelder.de\/rwk-service\/","url":"https:\/\/www.rwk-onlinemelder.de\/rwk-service\/","name":"Service - RWK-Onlinemelder","isPartOf":{"@id":"https:\/\/www.rwk-onlinemelder.de\/#website"},"primaryImageOfPage":{"@id":"https:\/\/www.rwk-onlinemelder.de\/rwk-service\/#primaryimage"},"image":{"@id":"https:\/\/www.rwk-onlinemelder.de\/rwk-service\/#primaryimage"},"thumbnailUrl":"https:\/\/www.rwk-onlinemelder.de\/wp-content\/uploads\/2018\/04\/rwkdaten2-300x229.gif","datePublished":"2016-05-15T11:57:16+00:00","dateModified":"2022-10-30T11:18:07+00:00","breadcrumb":{"@id":"https:\/\/www.rwk-onlinemelder.de\/rwk-service\/#breadcrumb"},"inLanguage":"en-US","potentialAction":[{"@type":"ReadAction","target":["https:\/\/www.rwk-onlinemelder.de\/rwk-service\/"]}]},{"@type":"ImageObject","inLanguage":"en-US","@id":"https:\/\/www.rwk-onlinemelder.de\/rwk-service\/#primaryimage","url":"https:\/\/www.rwk-onlinemelder.de\/wp-content\/uploads\/2018\/04\/rwkdaten2-300x229.gif","contentUrl":"https:\/\/www.rwk-onlinemelder.de\/wp-content\/uploads\/2018\/04\/rwkdaten2-300x229.gif"},{"@type":"BreadcrumbList","@id":"https:\/\/www.rwk-onlinemelder.de\/rwk-service\/#breadcrumb","itemListElement":[{"@type":"ListItem","position":1,"name":"Startseite","item":"https:\/\/www.rwk-onlinemelder.de\/"},{"@type":"ListItem","position":2,"name":"Service"}]},{"@type":"WebSite","@id":"https:\/\/www.rwk-onlinemelder.de\/#website","url":"https:\/\/www.rwk-onlinemelder.de\/","name":"RWK-Onlinemelder","description":"Competition ... fast, easy, save ... complete","publisher":{"@id":"https:\/\/www.rwk-onlinemelder.de\/#organization"},"potentialAction":[{"@type":"SearchAction","target":{"@type":"EntryPoint","urlTemplate":"https:\/\/www.rwk-onlinemelder.de\/?s={search_term_string}"},"query-input":{"@type":"PropertyValueSpecification","valueRequired":true,"valueName":"search_term_string"}}],"inLanguage":"en-US"},{"@type":"Organization","@id":"https:\/\/www.rwk-onlinemelder.de\/#organization","name":"RWK-Onlinemelder","url":"https:\/\/www.rwk-onlinemelder.de\/","logo":{"@type":"ImageObject","inLanguage":"en-US","@id":"https:\/\/www.rwk-onlinemelder.de\/#\/schema\/logo\/image\/","url":"https:\/\/www.rwk-onlinemelder.de\/wp-content\/uploads\/2017\/12\/logo-design-dna.png","contentUrl":"https:\/\/www.rwk-onlinemelder.de\/wp-content\/uploads\/2017\/12\/logo-design-dna.png","width":588,"height":588,"caption":"RWK-Onlinemelder"},"image":{"@id":"https:\/\/www.rwk-onlinemelder.de\/#\/schema\/logo\/image\/"}}]}},"jetpack_sharing_enabled":true,"_links":{"self":[{"href":"https:\/\/www.rwk-onlinemelder.de\/en\/wp-json\/wp\/v2\/pages\/61","targetHints":{"allow":["GET"]}}],"collection":[{"href":"https:\/\/www.rwk-onlinemelder.de\/en\/wp-json\/wp\/v2\/pages"}],"about":[{"href":"https:\/\/www.rwk-onlinemelder.de\/en\/wp-json\/wp\/v2\/types\/page"}],"author":[{"embeddable":true,"href":"https:\/\/www.rwk-onlinemelder.de\/en\/wp-json\/wp\/v2\/users\/1"}],"replies":[{"embeddable":true,"href":"https:\/\/www.rwk-onlinemelder.de\/en\/wp-json\/wp\/v2\/comments?post=61"}],"version-history":[{"count":74,"href":"https:\/\/www.rwk-onlinemelder.de\/en\/wp-json\/wp\/v2\/pages\/61\/revisions"}],"predecessor-version":[{"id":1771,"href":"https:\/\/www.rwk-onlinemelder.de\/en\/wp-json\/wp\/v2\/pages\/61\/revisions\/1771"}],"wp:attachment":[{"href":"https:\/\/www.rwk-onlinemelder.de\/en\/wp-json\/wp\/v2\/media?parent=61"}],"curies":[{"name":"wp","href":"https:\/\/api.w.org\/{rel}","templated":true}]}}