{"id":51,"date":"2016-05-15T13:45:25","date_gmt":"2016-05-15T11:45:25","guid":{"rendered":"http:\/\/www.rwk-onlinemelder.de\/?page_id=51"},"modified":"2024-04-24T00:11:56","modified_gmt":"2024-04-23T22:11:56","slug":"anmelden","status":"publish","type":"page","link":"https:\/\/www.rwk-onlinemelder.de\/en\/anmelden\/","title":{"rendered":"Anmeldung"},"content":{"rendered":"<h5>Anmeldung<\/h5>\n<p style=\"text-align: justify;\">Melden Sie sich noch heute unverbindlich f\u00fcr die Nutzung des Komplettsystems RWK-Onlinemelder an und lernen Sie dessen Funktionen sch\u00e4tzen und lieben! Testen Sie uns ausgiebig, damit Sie sicher gehen k\u00f6nnen, dass der RWK-Onlinemelder die ideale Anwendung f\u00fcr Ihre Rundenwettk\u00e4mpfe ist!<\/p>\n<p style=\"text-align: justify;\">Bieten Sie Ihren Vereinen auch beim Rundenwettkampf die M\u00f6glichkeit der modernen Informationsverarbeitung und Daten\u00fcbermittlung.<\/p>\n<div style=\"font-weight: bold; font-size: 24px; width: 80%; margin: 30px auto 30px auto; text-align: justify;\"><div class=\"su-animate\" style=\"opacity:0;-webkit-animation-duration:1.5s;-webkit-animation-delay:0s;animation-duration:1.5s;animation-delay:0s;\" data-animation=\"pulse\" data-duration=\"1.5\" data-delay=\"0\">Testen Sie das Komplettsystem RWK-Onlinemelder im Zeitraum vom 1. Januar bis zum 31. Juli kostenfrei!<\/div><\/div>\n<p style=\"text-align: justify;\">Entscheiden Sie sich nach der Testphase f\u00fcr die weitere Nutzung des Komplettsystems RWK-Onlinemelder, so brauchen Sie nichts weiter zu tun. Ihre bestehenden Daten und Einstellungen werden einfach in der Fortf\u00fchrung Ihres Accounts \u00fcbernommen. Die Abbuchung des Nutzungsentgeltes erfolgt dann zum 1. September des laufenden Kalenderjahres f\u00fcr die darauffolgende Saison.<\/p>\n<p style=\"text-align: justify;\">Sollten Sie nach den Tests wider Erwarten die Nutzung des RWK-Onlinemelders ablehnen, so k\u00f6nnen Sie die weitere Nutzung problemlos bis sp\u00e4testens 31. Juli des Jahres k\u00fcndigen &#8211; sehen Sie hierzu die\u00a0<a href=\"https:\/\/www.rwk-onlinemelder.de\/agbs\/\">AGB&#8217;s &#8211; Abschnitt K\u00fcndigung<\/a> &#8211; es entstehen Ihnen dadurch keine Kosten.<\/p>\n<h5 style=\"text-align: center;\">Ja, wir sind von den Funktionalit\u00e4ten des RWK-Onlinemelders \u00fcberzeugt<br \/>\nund f\u00fchren HIERMIT die Anmeldung\u00a0durch:<\/h5>\n<table style=\"width: 85%; margin: 10px auto 10px auto;\">\n<tbody>\n<tr>\n<td>\n<p style=\"text-align: center;\">Form der Nutzung<\/p>\n<\/td>\n<\/tr>\n<tr>\n<td>\n<p style=\"text-align: center;\"><strong>Service-Nutzung des RWK-Onlinemelders<br \/>\n\u00fcber www.rwk-onlinemelder.de<\/strong><\/p>\n<\/td>\n<\/tr>\n<tr>\n<td>\n<p style=\"text-align: center;\">Preis<\/p>\n<\/td>\n<\/tr>\n<tr>\n<td>\n<p style=\"text-align: center;\"><strong>95,00 EUR<\/strong><strong>*<\/strong><\/p>\n<\/td>\n<\/tr>\n<tr>\n<td style=\"text-align: center;\">\n<p style=\"margin-top: 10px; margin-bottom: 10px;\"><a href=\"https:\/\/www.rwk-onlinemelder.de\/?page_id=144\" class=\"su-button su-button-style-default\" style=\"color:#FFFFFF;background-color:#53a1b8;border-color:#438194;border-radius:11px\" target=\"_self\" title=\"Anmeldung zur Service-Nutzung\"><span style=\"color:#FFFFFF;padding:9px 28px;font-size:21px;line-height:32px;border-color:#87bece;border-radius:11px;text-shadow:none\"><i class=\"sui sui-shopping-cart\" style=\"font-size:21px;color:#FFFFFF\"><\/i> Anmeldung zur Service-Nutzung<\/span><\/a>\n<\/td>\n<\/tr>\n<\/tbody>\n<\/table>\n<table style=\"width: 85%; margin: 30px auto 10px auto;\">\n<tbody>\n<tr>\n<td style=\"text-align: center;\">Umfang<\/td>\n<\/tr>\n<tr>\n<td>\n<ul>\n<li>Zugangsdaten mittels Administratorkennung f\u00fcr <strong><a href=\"https:\/\/www.rwk-onlinemelder.de\/?page_id=474\">RWK-Onlinemelder<\/a> und <a href=\"https:\/\/www.rwk-onlinemelder.de\/?page_id=471\">RWK-Planung<\/a><\/strong><\/li>\n<li><a href=\"https:\/\/www.rwk-onlinemelder.de\/sdm_downloads\/rwk-daten-fuer-rwk-onlinemelder\/\"><strong>Serviceprogramm<\/strong><\/a> zur Konvertierung der Mitgliederdaten f\u00fcr den\n<ul>\n<li>NSSV, NWDSB, PSSV, etc. (aus david21.mv)<\/li>\n<li>NWDSB (aus NWDSB-DB)<\/li>\n<li>und jeder anderen Mitgliederverwaltung\n<ul>\n<li>ZMI-Client (BSSB, OSB, BSV, HSV, etc.) und MITCOM (WSV, WSB, SVS) bieten einen Direktexport im RWK-Onlinemelder-Format)<\/li>\n<\/ul>\n<\/li>\n<\/ul>\n<\/li>\n<li>Jederzeitiger <a href=\"https:\/\/www.rwk-onlinemelder.de\/?page_id=137\">Support<\/a> mit pers\u00f6nlicher Unterst\u00fctzung \u2013 Telefon, Email, Online<\/li>\n<\/ul>\n<p style=\"text-align: center;\"><strong>Es sind keinerlei umfangreichere Kenntnisse notwendig!<\/strong><\/p>\n<\/td>\n<\/tr>\n<\/tbody>\n<\/table>\n<p style=\"font-size: 14px; text-align: justify;\">* Die angegebenen Preise verstehen sich inkl. MWSt. Der Preis f\u00fcr die Service-Nutzung ist ein saisonales Nutzungsentgelt, das entsprechend unserer <a href=\"https:\/\/www.rwk-onlinemelder.de\/agbs\/\">AGBs<\/a> j\u00e4hrlich f\u00e4llig ist.<\/p>\n","protected":false},"excerpt":{"rendered":"<p>Anmeldung Melden Sie sich noch heute unverbindlich f\u00fcr die Nutzung des Komplettsystems RWK-Onlinemelder an und lernen Sie dessen Funktionen sch\u00e4tzen und lieben! Testen Sie uns ausgiebig, damit Sie sicher gehen k\u00f6nnen, dass der RWK-Onlinemelder die ideale Anwendung f\u00fcr Ihre Rundenwettk\u00e4mpfe ist! Bieten Sie Ihren Vereinen auch beim Rundenwettkampf die M\u00f6glichkeit \u2026<\/p>\n","protected":false},"author":1,"featured_media":0,"parent":0,"menu_order":2,"comment_status":"closed","ping_status":"closed","template":"","meta":{"jetpack_post_was_ever_published":false,"footnotes":""},"class_list":["post-51","page","type-page","status-publish","hentry"],"translation":{"provider":"WPGlobus","version":"3.0.0","language":"en","enabled_languages":["de","en"],"languages":{"de":{"title":true,"content":true,"excerpt":false},"en":{"title":false,"content":false,"excerpt":false}}},"yoast_head":"<!-- This site is optimized with the Yoast SEO plugin v26.5 - https:\/\/yoast.com\/wordpress\/plugins\/seo\/ -->\n<title>Anmeldung - RWK-Onlinemelder<\/title>\n<meta name=\"robots\" content=\"index, follow, max-snippet:-1, max-image-preview:large, max-video-preview:-1\" \/>\n<link rel=\"canonical\" href=\"https:\/\/www.rwk-onlinemelder.de\/anmelden\/\" \/>\n<meta property=\"og:locale\" content=\"en_US\" \/>\n<meta property=\"og:type\" content=\"article\" \/>\n<meta property=\"og:title\" content=\"Anmeldung - RWK-Onlinemelder\" \/>\n<meta property=\"og:url\" content=\"https:\/\/www.rwk-onlinemelder.de\/anmelden\/\" \/>\n<meta property=\"og:site_name\" content=\"RWK-Onlinemelder\" \/>\n<meta property=\"article:modified_time\" content=\"2024-04-23T22:11:56+00:00\" \/>\n<meta property=\"og:image\" content=\"https:\/\/www.rwk-onlinemelder.de\/wp-content\/uploads\/2017\/12\/logo-design-dna.png\" \/>\n\t<meta property=\"og:image:width\" content=\"588\" \/>\n\t<meta property=\"og:image:height\" content=\"588\" \/>\n\t<meta property=\"og:image:type\" content=\"image\/png\" \/>\n<meta name=\"twitter:card\" content=\"summary_large_image\" \/>\n<meta name=\"twitter:label1\" content=\"Est. reading time\" \/>\n\t<meta name=\"twitter:data1\" content=\"2 minutes\" \/>\n<script type=\"application\/ld+json\" class=\"yoast-schema-graph\">{\"@context\":\"https:\/\/schema.org\",\"@graph\":[{\"@type\":\"WebPage\",\"@id\":\"https:\/\/www.rwk-onlinemelder.de\/anmelden\/\",\"url\":\"https:\/\/www.rwk-onlinemelder.de\/anmelden\/\",\"name\":\"Anmeldung - RWK-Onlinemelder\",\"isPartOf\":{\"@id\":\"https:\/\/www.rwk-onlinemelder.de\/#website\"},\"datePublished\":\"2016-05-15T11:45:25+00:00\",\"dateModified\":\"2024-04-23T22:11:56+00:00\",\"breadcrumb\":{\"@id\":\"https:\/\/www.rwk-onlinemelder.de\/anmelden\/#breadcrumb\"},\"inLanguage\":\"en-US\",\"potentialAction\":[{\"@type\":\"ReadAction\",\"target\":[\"https:\/\/www.rwk-onlinemelder.de\/anmelden\/\"]}]},{\"@type\":\"BreadcrumbList\",\"@id\":\"https:\/\/www.rwk-onlinemelder.de\/anmelden\/#breadcrumb\",\"itemListElement\":[{\"@type\":\"ListItem\",\"position\":1,\"name\":\"Startseite\",\"item\":\"https:\/\/www.rwk-onlinemelder.de\/\"},{\"@type\":\"ListItem\",\"position\":2,\"name\":\"Anmeldung\"}]},{\"@type\":\"WebSite\",\"@id\":\"https:\/\/www.rwk-onlinemelder.de\/#website\",\"url\":\"https:\/\/www.rwk-onlinemelder.de\/\",\"name\":\"RWK-Onlinemelder\",\"description\":\"Competition ... fast, easy, save ... complete\",\"publisher\":{\"@id\":\"https:\/\/www.rwk-onlinemelder.de\/#organization\"},\"potentialAction\":[{\"@type\":\"SearchAction\",\"target\":{\"@type\":\"EntryPoint\",\"urlTemplate\":\"https:\/\/www.rwk-onlinemelder.de\/?s={search_term_string}\"},\"query-input\":{\"@type\":\"PropertyValueSpecification\",\"valueRequired\":true,\"valueName\":\"search_term_string\"}}],\"inLanguage\":\"en-US\"},{\"@type\":\"Organization\",\"@id\":\"https:\/\/www.rwk-onlinemelder.de\/#organization\",\"name\":\"RWK-Onlinemelder\",\"url\":\"https:\/\/www.rwk-onlinemelder.de\/\",\"logo\":{\"@type\":\"ImageObject\",\"inLanguage\":\"en-US\",\"@id\":\"https:\/\/www.rwk-onlinemelder.de\/#\/schema\/logo\/image\/\",\"url\":\"https:\/\/www.rwk-onlinemelder.de\/wp-content\/uploads\/2017\/12\/logo-design-dna.png\",\"contentUrl\":\"https:\/\/www.rwk-onlinemelder.de\/wp-content\/uploads\/2017\/12\/logo-design-dna.png\",\"width\":588,\"height\":588,\"caption\":\"RWK-Onlinemelder\"},\"image\":{\"@id\":\"https:\/\/www.rwk-onlinemelder.de\/#\/schema\/logo\/image\/\"}}]}<\/script>\n<!-- \/ Yoast SEO plugin. -->","yoast_head_json":{"title":"Anmeldung - RWK-Onlinemelder","robots":{"index":"index","follow":"follow","max-snippet":"max-snippet:-1","max-image-preview":"max-image-preview:large","max-video-preview":"max-video-preview:-1"},"canonical":"https:\/\/www.rwk-onlinemelder.de\/anmelden\/","og_locale":"en_US","og_type":"article","og_title":"Anmeldung - RWK-Onlinemelder","og_url":"https:\/\/www.rwk-onlinemelder.de\/anmelden\/","og_site_name":"RWK-Onlinemelder","article_modified_time":"2024-04-23T22:11:56+00:00","og_image":[{"width":588,"height":588,"url":"https:\/\/www.rwk-onlinemelder.de\/wp-content\/uploads\/2017\/12\/logo-design-dna.png","type":"image\/png"}],"twitter_card":"summary_large_image","twitter_misc":{"Est. reading time":"2 minutes"},"schema":{"@context":"https:\/\/schema.org","@graph":[{"@type":"WebPage","@id":"https:\/\/www.rwk-onlinemelder.de\/anmelden\/","url":"https:\/\/www.rwk-onlinemelder.de\/anmelden\/","name":"Anmeldung - RWK-Onlinemelder","isPartOf":{"@id":"https:\/\/www.rwk-onlinemelder.de\/#website"},"datePublished":"2016-05-15T11:45:25+00:00","dateModified":"2024-04-23T22:11:56+00:00","breadcrumb":{"@id":"https:\/\/www.rwk-onlinemelder.de\/anmelden\/#breadcrumb"},"inLanguage":"en-US","potentialAction":[{"@type":"ReadAction","target":["https:\/\/www.rwk-onlinemelder.de\/anmelden\/"]}]},{"@type":"BreadcrumbList","@id":"https:\/\/www.rwk-onlinemelder.de\/anmelden\/#breadcrumb","itemListElement":[{"@type":"ListItem","position":1,"name":"Startseite","item":"https:\/\/www.rwk-onlinemelder.de\/"},{"@type":"ListItem","position":2,"name":"Anmeldung"}]},{"@type":"WebSite","@id":"https:\/\/www.rwk-onlinemelder.de\/#website","url":"https:\/\/www.rwk-onlinemelder.de\/","name":"RWK-Onlinemelder","description":"Competition ... fast, easy, save ... complete","publisher":{"@id":"https:\/\/www.rwk-onlinemelder.de\/#organization"},"potentialAction":[{"@type":"SearchAction","target":{"@type":"EntryPoint","urlTemplate":"https:\/\/www.rwk-onlinemelder.de\/?s={search_term_string}"},"query-input":{"@type":"PropertyValueSpecification","valueRequired":true,"valueName":"search_term_string"}}],"inLanguage":"en-US"},{"@type":"Organization","@id":"https:\/\/www.rwk-onlinemelder.de\/#organization","name":"RWK-Onlinemelder","url":"https:\/\/www.rwk-onlinemelder.de\/","logo":{"@type":"ImageObject","inLanguage":"en-US","@id":"https:\/\/www.rwk-onlinemelder.de\/#\/schema\/logo\/image\/","url":"https:\/\/www.rwk-onlinemelder.de\/wp-content\/uploads\/2017\/12\/logo-design-dna.png","contentUrl":"https:\/\/www.rwk-onlinemelder.de\/wp-content\/uploads\/2017\/12\/logo-design-dna.png","width":588,"height":588,"caption":"RWK-Onlinemelder"},"image":{"@id":"https:\/\/www.rwk-onlinemelder.de\/#\/schema\/logo\/image\/"}}]}},"jetpack_sharing_enabled":true,"_links":{"self":[{"href":"https:\/\/www.rwk-onlinemelder.de\/en\/wp-json\/wp\/v2\/pages\/51","targetHints":{"allow":["GET"]}}],"collection":[{"href":"https:\/\/www.rwk-onlinemelder.de\/en\/wp-json\/wp\/v2\/pages"}],"about":[{"href":"https:\/\/www.rwk-onlinemelder.de\/en\/wp-json\/wp\/v2\/types\/page"}],"author":[{"embeddable":true,"href":"https:\/\/www.rwk-onlinemelder.de\/en\/wp-json\/wp\/v2\/users\/1"}],"replies":[{"embeddable":true,"href":"https:\/\/www.rwk-onlinemelder.de\/en\/wp-json\/wp\/v2\/comments?post=51"}],"version-history":[{"count":51,"href":"https:\/\/www.rwk-onlinemelder.de\/en\/wp-json\/wp\/v2\/pages\/51\/revisions"}],"predecessor-version":[{"id":1921,"href":"https:\/\/www.rwk-onlinemelder.de\/en\/wp-json\/wp\/v2\/pages\/51\/revisions\/1921"}],"wp:attachment":[{"href":"https:\/\/www.rwk-onlinemelder.de\/en\/wp-json\/wp\/v2\/media?parent=51"}],"curies":[{"name":"wp","href":"https:\/\/api.w.org\/{rel}","templated":true}]}}