{"id":474,"date":"2017-05-30T15:17:11","date_gmt":"2017-05-30T13:17:11","guid":{"rendered":"https:\/\/www.rwk-onlinemelder.de\/?page_id=474"},"modified":"2018-05-23T14:37:15","modified_gmt":"2018-05-23T12:37:15","slug":"rwk-onlinemelder","status":"publish","type":"page","link":"https:\/\/www.rwk-onlinemelder.de\/en\/produkte\/rwk-onlinemelder\/","title":{"rendered":"RWK-Onlinemelder"},"content":{"rendered":"<h5><abbr title=\"Rundenwettkampf\">RWK<\/abbr>-Onlinemelder<\/h5>\n<p style=\"text-align: justify;\">Der RWK-Onlinemelder ist zusammen mit den Listen und Tabellen das Herzst\u00fcck des Komplettsystems und zugleich Namensgeber. Der Melder\u00a0unterst\u00fctzt Sie und Ihre Vereine als Teil des <strong>Komplettsystems <abbr title=\"Rundenwettkampf\">RWK<\/abbr>-Onlinemelder <\/strong>effizient bei der Wettkampfdurchf\u00fchrung.<\/p>\n<p>Hier werden Wettkampfpaarungen zur Verf\u00fcgung gestellt und die Mannschaften \u00fcbermitteln nach getaner Arbeit ihre Wettkampfergebnisse aus den unterschiedlichsten Wettkampfmodi. Sie als RWKL bleiben per eMail-Meldung stets auf dem Laufenden.<\/p>\n<p>Bieten Sie Ihren Vereinen und sich selbst beim Rundenwettkampf die M\u00f6glichkeiten der modernen Informationsverarbeitung und Daten\u00fcbermittlung \u00fcber das Internet.<\/p>\n<p style=\"text-align: justify;\">Der Meldeteil des <abbr title=\"Rundenwettkampf\">RWK<\/abbr>-Onlinemelders\u00a0besteht aus folgenden Programmfunktionen:<\/p>\n<p style=\"text-align: justify;\"><div class=\"su-list\" style=\"margin-left:0px\">\n<ul style=\"text-align: justify;\">\n<li><i class=\"sui sui-dot-circle-o\" style=\"color:#53a1b8\"><\/i> Zugangsregelung f\u00fcr Mannschaftsf\u00fchrer oder\u00a0zur Ergebnismeldung autorisierte Personen<\/li>\n<li><i class=\"sui sui-dot-circle-o\" style=\"color:#53a1b8\"><\/i> Ergebnismeldung<\/li>\n<li><i class=\"sui sui-dot-circle-o\" style=\"color:#53a1b8\"><\/i> Verarbeitung von Mitgliederdaten unter Ber\u00fccksichtigung von\u00a0Startberechtigungen<\/li>\n<li><i class=\"sui sui-dot-circle-o\" style=\"color:#53a1b8\"><\/i> verschiedenste Plausibilit\u00e4tspr\u00fcfungen<\/li>\n<li><i class=\"sui sui-dot-circle-o\" style=\"color:#53a1b8\"><\/i> Ergebnis\u00fcbernahme aus <abbr title=\"Rundenwettkampf\">RWK<\/abbr>-Auswerteprogrammen<br \/>\n(WM-RWK + WM-Liga (von WM-Shot), etc., elektr. Schie\u00dfanlagen)<\/li>\n<li><i class=\"sui sui-dot-circle-o\" style=\"color:#53a1b8\"><\/i> Flexibles Layout zur nahtlosen Integration in die Verbands-Homepage<\/li>\n<\/ul>\n<p style=\"text-align: justify;\"><\/div>\n<h5 style=\"text-align: justify;\">Pflege und Weiterentwicklung<\/h5>\n<p style=\"text-align: justify;\">Haben Sie noch Funktionsw\u00fcnsche an den Melderteil des Komplettsystems RWK-Onlinemelder? Dann kontaktieren Sie uns bitte via <a title=\"Featurewunsch senden\" href=\"mailto:info@rwk-onlinemelder.de?subject=Features RWK-Onlinemelder\">info@rwk-onlinemelder.de<\/a>.<\/p>\n<p style=\"text-align: justify;\">\n<h5>Impressionen<\/h5>\n<div id=\"su_carousel_69fc57dfca691\" class=\"su-carousel su-carousel-centered su-carousel-pages-no su-carousel-responsive-yes su-lightbox-gallery\" style=\"width:100%\" data-autoplay=\"7000\" data-speed=\"1000\" data-mousewheel=\"true\" data-items=\"3\" data-scroll=\"1\"><div class=\"su-carousel-slides\"><div class=\"su-carousel-slide\"><a href=\"https:\/\/www.rwk-onlinemelder.de\/wp-content\/uploads\/2017\/12\/30-Melder-Paarungswahl.jpg\" title=\"Paarungsauswahl\"><img decoding=\"async\" src=\"https:\/\/www.rwk-onlinemelder.de\/wp-content\/uploads\/2017\/12\/30-Melder-Paarungswahl-182x100.jpg\" alt=\"Paarungsauswahl\" \/><\/a><\/div><div class=\"su-carousel-slide\"><a href=\"https:\/\/www.rwk-onlinemelder.de\/wp-content\/uploads\/2017\/12\/31-Melder-Ergebniserfassung.jpg\" title=\"Ergebniserfassung\"><img decoding=\"async\" src=\"https:\/\/www.rwk-onlinemelder.de\/wp-content\/uploads\/2017\/12\/31-Melder-Ergebniserfassung-182x100.jpg\" alt=\"Ergebniserfassung\" \/><\/a><\/div><div class=\"su-carousel-slide\"><a href=\"https:\/\/www.rwk-onlinemelder.de\/wp-content\/uploads\/2017\/12\/32-Melder-Ergebnismeldung_Mail.jpg\" title=\"Melder-Ergebnismeldung\"><img decoding=\"async\" src=\"https:\/\/www.rwk-onlinemelder.de\/wp-content\/uploads\/2017\/12\/32-Melder-Ergebnismeldung_Mail-182x100.jpg\" alt=\"Melder-Ergebnismeldung\" \/><\/a><\/div><div class=\"su-carousel-slide\"><a href=\"https:\/\/www.rwk-onlinemelder.de\/wp-content\/uploads\/2017\/12\/41-Tabellen-Ergebnisdarstellung-Runde.jpg\" title=\"Tabellen-Ergebnisdarstellung &#8211; Runde\"><img decoding=\"async\" src=\"https:\/\/www.rwk-onlinemelder.de\/wp-content\/uploads\/2017\/12\/41-Tabellen-Ergebnisdarstellung-Runde-182x100.jpg\" alt=\"Tabellen-Ergebnisdarstellung &#8211; Runde\" \/><\/a><\/div><\/div><div class=\"su-carousel-nav\"><div class=\"su-carousel-direction\"><span class=\"su-carousel-prev\"><\/span><span class=\"su-carousel-next\"><\/span><\/div><div class=\"su-carousel-pagination\"><\/div><\/div><\/div>\n","protected":false},"excerpt":{"rendered":"<p>RWK-Onlinemelder Der RWK-Onlinemelder ist zusammen mit den Listen und Tabellen das Herzst\u00fcck des Komplettsystems und zugleich Namensgeber. Der Melder\u00a0unterst\u00fctzt Sie und Ihre Vereine als Teil des Komplettsystems RWK-Onlinemelder effizient bei der Wettkampfdurchf\u00fchrung. Hier werden Wettkampfpaarungen zur Verf\u00fcgung gestellt und die Mannschaften \u00fcbermitteln nach getaner Arbeit ihre Wettkampfergebnisse aus den unterschiedlichsten \u2026<\/p>\n","protected":false},"author":2,"featured_media":0,"parent":41,"menu_order":0,"comment_status":"closed","ping_status":"closed","template":"","meta":{"jetpack_post_was_ever_published":false,"footnotes":""},"class_list":["post-474","page","type-page","status-publish","hentry"],"translation":{"provider":"WPGlobus","version":"3.0.0","language":"en","enabled_languages":["de","en"],"languages":{"de":{"title":true,"content":true,"excerpt":false},"en":{"title":false,"content":false,"excerpt":false}}},"yoast_head":"<!-- This site is optimized with the Yoast SEO plugin v26.5 - https:\/\/yoast.com\/wordpress\/plugins\/seo\/ -->\n<title>RWK-Onlinemelder - RWK-Onlinemelder<\/title>\n<meta name=\"robots\" content=\"index, follow, max-snippet:-1, max-image-preview:large, max-video-preview:-1\" \/>\n<link rel=\"canonical\" href=\"https:\/\/www.rwk-onlinemelder.de\/produkte\/rwk-onlinemelder\/\" \/>\n<meta property=\"og:locale\" content=\"en_US\" \/>\n<meta property=\"og:type\" content=\"article\" \/>\n<meta property=\"og:title\" content=\"RWK-Onlinemelder - RWK-Onlinemelder\" \/>\n<meta property=\"og:url\" content=\"https:\/\/www.rwk-onlinemelder.de\/produkte\/rwk-onlinemelder\/\" \/>\n<meta property=\"og:site_name\" content=\"RWK-Onlinemelder\" \/>\n<meta property=\"article:modified_time\" content=\"2018-05-23T12:37:15+00:00\" \/>\n<meta property=\"og:image\" content=\"https:\/\/www.rwk-onlinemelder.de\/wp-content\/uploads\/2017\/12\/logo-design-dna.png\" \/>\n\t<meta property=\"og:image:width\" content=\"588\" \/>\n\t<meta property=\"og:image:height\" content=\"588\" \/>\n\t<meta property=\"og:image:type\" content=\"image\/png\" \/>\n<meta name=\"twitter:card\" content=\"summary_large_image\" \/>\n<meta name=\"twitter:label1\" content=\"Est. reading time\" \/>\n\t<meta name=\"twitter:data1\" content=\"1 minute\" \/>\n<script type=\"application\/ld+json\" class=\"yoast-schema-graph\">{\"@context\":\"https:\/\/schema.org\",\"@graph\":[{\"@type\":\"WebPage\",\"@id\":\"https:\/\/www.rwk-onlinemelder.de\/produkte\/rwk-onlinemelder\/\",\"url\":\"https:\/\/www.rwk-onlinemelder.de\/produkte\/rwk-onlinemelder\/\",\"name\":\"RWK-Onlinemelder - RWK-Onlinemelder\",\"isPartOf\":{\"@id\":\"https:\/\/www.rwk-onlinemelder.de\/#website\"},\"datePublished\":\"2017-05-30T13:17:11+00:00\",\"dateModified\":\"2018-05-23T12:37:15+00:00\",\"description\":\"Der RWK-Onlinemelder unterst\u00fctz Sie effizient bei der Wettkampfmeldung und bietet dar\u00fcber hinaus noch die Darstellung der Wettkampfergebnisse sowie die Erstellung von Presseberichten. Die RWK-Planung erg\u00e4nzt das Komplettsystem um die Erstellung von Wettkampfpl\u00e4nen und unterschiedlichen Modi. Erfahren Sie hier mehr!\",\"breadcrumb\":{\"@id\":\"https:\/\/www.rwk-onlinemelder.de\/produkte\/rwk-onlinemelder\/#breadcrumb\"},\"inLanguage\":\"en-US\",\"potentialAction\":[{\"@type\":\"ReadAction\",\"target\":[\"https:\/\/www.rwk-onlinemelder.de\/produkte\/rwk-onlinemelder\/\"]}]},{\"@type\":\"BreadcrumbList\",\"@id\":\"https:\/\/www.rwk-onlinemelder.de\/produkte\/rwk-onlinemelder\/#breadcrumb\",\"itemListElement\":[{\"@type\":\"ListItem\",\"position\":1,\"name\":\"Startseite\",\"item\":\"https:\/\/www.rwk-onlinemelder.de\/\"},{\"@type\":\"ListItem\",\"position\":2,\"name\":\"Produkte\",\"item\":\"https:\/\/www.rwk-onlinemelder.de\/produkte\/\"},{\"@type\":\"ListItem\",\"position\":3,\"name\":\"RWK-Onlinemelder\"}]},{\"@type\":\"WebSite\",\"@id\":\"https:\/\/www.rwk-onlinemelder.de\/#website\",\"url\":\"https:\/\/www.rwk-onlinemelder.de\/\",\"name\":\"RWK-Onlinemelder\",\"description\":\"Competition ... fast, easy, save ... complete\",\"publisher\":{\"@id\":\"https:\/\/www.rwk-onlinemelder.de\/#organization\"},\"potentialAction\":[{\"@type\":\"SearchAction\",\"target\":{\"@type\":\"EntryPoint\",\"urlTemplate\":\"https:\/\/www.rwk-onlinemelder.de\/?s={search_term_string}\"},\"query-input\":{\"@type\":\"PropertyValueSpecification\",\"valueRequired\":true,\"valueName\":\"search_term_string\"}}],\"inLanguage\":\"en-US\"},{\"@type\":\"Organization\",\"@id\":\"https:\/\/www.rwk-onlinemelder.de\/#organization\",\"name\":\"RWK-Onlinemelder\",\"url\":\"https:\/\/www.rwk-onlinemelder.de\/\",\"logo\":{\"@type\":\"ImageObject\",\"inLanguage\":\"en-US\",\"@id\":\"https:\/\/www.rwk-onlinemelder.de\/#\/schema\/logo\/image\/\",\"url\":\"https:\/\/www.rwk-onlinemelder.de\/wp-content\/uploads\/2017\/12\/logo-design-dna.png\",\"contentUrl\":\"https:\/\/www.rwk-onlinemelder.de\/wp-content\/uploads\/2017\/12\/logo-design-dna.png\",\"width\":588,\"height\":588,\"caption\":\"RWK-Onlinemelder\"},\"image\":{\"@id\":\"https:\/\/www.rwk-onlinemelder.de\/#\/schema\/logo\/image\/\"}}]}<\/script>\n<!-- \/ Yoast SEO plugin. -->","yoast_head_json":{"title":"RWK-Onlinemelder - RWK-Onlinemelder","robots":{"index":"index","follow":"follow","max-snippet":"max-snippet:-1","max-image-preview":"max-image-preview:large","max-video-preview":"max-video-preview:-1"},"canonical":"https:\/\/www.rwk-onlinemelder.de\/produkte\/rwk-onlinemelder\/","og_locale":"en_US","og_type":"article","og_title":"RWK-Onlinemelder - RWK-Onlinemelder","og_url":"https:\/\/www.rwk-onlinemelder.de\/produkte\/rwk-onlinemelder\/","og_site_name":"RWK-Onlinemelder","article_modified_time":"2018-05-23T12:37:15+00:00","og_image":[{"width":588,"height":588,"url":"https:\/\/www.rwk-onlinemelder.de\/wp-content\/uploads\/2017\/12\/logo-design-dna.png","type":"image\/png"}],"twitter_card":"summary_large_image","twitter_misc":{"Est. reading time":"1 minute"},"schema":{"@context":"https:\/\/schema.org","@graph":[{"@type":"WebPage","@id":"https:\/\/www.rwk-onlinemelder.de\/produkte\/rwk-onlinemelder\/","url":"https:\/\/www.rwk-onlinemelder.de\/produkte\/rwk-onlinemelder\/","name":"RWK-Onlinemelder - RWK-Onlinemelder","isPartOf":{"@id":"https:\/\/www.rwk-onlinemelder.de\/#website"},"datePublished":"2017-05-30T13:17:11+00:00","dateModified":"2018-05-23T12:37:15+00:00","description":"Der RWK-Onlinemelder unterst\u00fctz Sie effizient bei der Wettkampfmeldung und bietet dar\u00fcber hinaus noch die Darstellung der Wettkampfergebnisse sowie die Erstellung von Presseberichten. Die RWK-Planung erg\u00e4nzt das Komplettsystem um die Erstellung von Wettkampfpl\u00e4nen und unterschiedlichen Modi. Erfahren Sie hier mehr!","breadcrumb":{"@id":"https:\/\/www.rwk-onlinemelder.de\/produkte\/rwk-onlinemelder\/#breadcrumb"},"inLanguage":"en-US","potentialAction":[{"@type":"ReadAction","target":["https:\/\/www.rwk-onlinemelder.de\/produkte\/rwk-onlinemelder\/"]}]},{"@type":"BreadcrumbList","@id":"https:\/\/www.rwk-onlinemelder.de\/produkte\/rwk-onlinemelder\/#breadcrumb","itemListElement":[{"@type":"ListItem","position":1,"name":"Startseite","item":"https:\/\/www.rwk-onlinemelder.de\/"},{"@type":"ListItem","position":2,"name":"Produkte","item":"https:\/\/www.rwk-onlinemelder.de\/produkte\/"},{"@type":"ListItem","position":3,"name":"RWK-Onlinemelder"}]},{"@type":"WebSite","@id":"https:\/\/www.rwk-onlinemelder.de\/#website","url":"https:\/\/www.rwk-onlinemelder.de\/","name":"RWK-Onlinemelder","description":"Competition ... fast, easy, save ... complete","publisher":{"@id":"https:\/\/www.rwk-onlinemelder.de\/#organization"},"potentialAction":[{"@type":"SearchAction","target":{"@type":"EntryPoint","urlTemplate":"https:\/\/www.rwk-onlinemelder.de\/?s={search_term_string}"},"query-input":{"@type":"PropertyValueSpecification","valueRequired":true,"valueName":"search_term_string"}}],"inLanguage":"en-US"},{"@type":"Organization","@id":"https:\/\/www.rwk-onlinemelder.de\/#organization","name":"RWK-Onlinemelder","url":"https:\/\/www.rwk-onlinemelder.de\/","logo":{"@type":"ImageObject","inLanguage":"en-US","@id":"https:\/\/www.rwk-onlinemelder.de\/#\/schema\/logo\/image\/","url":"https:\/\/www.rwk-onlinemelder.de\/wp-content\/uploads\/2017\/12\/logo-design-dna.png","contentUrl":"https:\/\/www.rwk-onlinemelder.de\/wp-content\/uploads\/2017\/12\/logo-design-dna.png","width":588,"height":588,"caption":"RWK-Onlinemelder"},"image":{"@id":"https:\/\/www.rwk-onlinemelder.de\/#\/schema\/logo\/image\/"}}]}},"jetpack_sharing_enabled":true,"_links":{"self":[{"href":"https:\/\/www.rwk-onlinemelder.de\/en\/wp-json\/wp\/v2\/pages\/474","targetHints":{"allow":["GET"]}}],"collection":[{"href":"https:\/\/www.rwk-onlinemelder.de\/en\/wp-json\/wp\/v2\/pages"}],"about":[{"href":"https:\/\/www.rwk-onlinemelder.de\/en\/wp-json\/wp\/v2\/types\/page"}],"author":[{"embeddable":true,"href":"https:\/\/www.rwk-onlinemelder.de\/en\/wp-json\/wp\/v2\/users\/2"}],"replies":[{"embeddable":true,"href":"https:\/\/www.rwk-onlinemelder.de\/en\/wp-json\/wp\/v2\/comments?post=474"}],"version-history":[{"count":26,"href":"https:\/\/www.rwk-onlinemelder.de\/en\/wp-json\/wp\/v2\/pages\/474\/revisions"}],"predecessor-version":[{"id":1035,"href":"https:\/\/www.rwk-onlinemelder.de\/en\/wp-json\/wp\/v2\/pages\/474\/revisions\/1035"}],"up":[{"embeddable":true,"href":"https:\/\/www.rwk-onlinemelder.de\/en\/wp-json\/wp\/v2\/pages\/41"}],"wp:attachment":[{"href":"https:\/\/www.rwk-onlinemelder.de\/en\/wp-json\/wp\/v2\/media?parent=474"}],"curies":[{"name":"wp","href":"https:\/\/api.w.org\/{rel}","templated":true}]}}