{"id":471,"date":"2017-05-30T15:14:41","date_gmt":"2017-05-30T13:14:41","guid":{"rendered":"https:\/\/www.rwk-onlinemelder.de\/?page_id=471"},"modified":"2018-05-23T14:38:49","modified_gmt":"2018-05-23T12:38:49","slug":"planung","status":"publish","type":"page","link":"https:\/\/www.rwk-onlinemelder.de\/en\/produkte\/planung\/","title":{"rendered":"RWK-Planung"},"content":{"rendered":"<h5>RWK-Planung<\/h5>\n<p style=\"text-align: justify;\">Die RWK-Planung als Teil des <a href=\"https:\/\/www.rwk-onlinemelder.de\/?page_id=41\">Komplettsystems RWK-Onlinemelder<\/a> unterst\u00fctzt Sie bei der Vorbereitung und Durchf\u00fchrung der Rundenwettk\u00e4mpfe in Ihrem Verband. Mit ihr k\u00f6nnen Sie auf einfache und effiziente Weise Wettkampfpl\u00e4ne f\u00fcr unterschiedliche Wettkampfmodi erstellen, Wettkampfklassen sowie Mannschaften und Vereine verwalten. Dar\u00fcber hinaus werden auch alle Einstellungen des Komplettsystems RWK-Onlinemelder dort get\u00e4tigt.<\/p>\n<p style=\"text-align: justify;\">Der Planungsteil des Komplettsystems besteht aus folgenden Programmteilen:<\/p>\n<p style=\"text-align: justify;\"><div class=\"su-list\" style=\"margin-left:0px\">\n<ul style=\"text-align: justify;\">\n<li><i class=\"sui sui-calendar\" style=\"color:#53a1b8\"><\/i> Mannschaftsmeldeverlauf<\/li>\n<li><i class=\"sui sui-calendar\" style=\"color:#53a1b8\"><\/i> Vereinsverwaltung<\/li>\n<li><i class=\"sui sui-calendar\" style=\"color:#53a1b8\"><\/i> Mannschaftsverwaltung<\/li>\n<li><i class=\"sui sui-calendar\" style=\"color:#53a1b8\"><\/i> Mannschaftseinteilung<\/li>\n<li><i class=\"sui sui-calendar\" style=\"color:#53a1b8\"><\/i> Erstellung von Terminpl\u00e4nen und Einteilschl\u00fcsseln<\/li>\n<li><i class=\"sui sui-calendar\" style=\"color:#53a1b8\"><\/i> Wettkampfplanung<\/li>\n<li><i class=\"sui sui-calendar\" style=\"color:#53a1b8\"><\/i> Verwaltungsfunktionen<\/li>\n<li><i class=\"sui sui-calendar\" style=\"color:#53a1b8\"><\/i> vereinseitige Mannschaftsverwaltung<\/li>\n<\/ul>\n<p style=\"text-align: justify;\"><\/div>\n<p style=\"text-align: justify;\">Die RWK-Planung ist nur f\u00fcr Rundenwettkampfleiter beziehungsweise weitere Verbandsmitarbeiter mit entsprechenden Zugangsdaten zug\u00e4nglich. Dies wird durch eine ausgekl\u00fcgelte Rechteverwaltung sichergestellt.<\/p>\n<h5 style=\"text-align: justify;\">Pflege und Weiterentwicklung<\/h5>\n<p style=\"text-align: justify;\">Haben Sie noch Funktionsw\u00fcnsche an\u00a0die Planungskomponente\u00a0des Komplettsystems RWK-Onlinemelder? Dann kontaktieren Sie uns bitte via <a title=\"Featurewunsch zur RWK-Planung senden\" href=\"mailto:info@rwk-onlinemelder.de?subject=Featurewunsch RWK-Planung\">info@rwk-onlinemelder.de<\/a>.<\/p>\n<h5 style=\"text-align: justify;\">Verf\u00fcgbarkeit &amp; Datenschutz<\/h5>\n<p style=\"text-align: justify;\">Alle Verarbeitungen werden online auf unserem Webserver ausgef\u00fchrt und stehen rund um die Uhr zur Verf\u00fcgung. Unsere Anwendungen gen\u00fcgen den Vorgaben der europ\u00e4ischen und deutschen Gesetze zum <a href=\"https:\/\/www.rwk-onlinemelder.de\/datenschutz\/\">Datenschutz<\/a>.<\/p>\n<h5 style=\"text-align: justify;\">Impressionen<\/h5>\n<div id=\"su_carousel_69fc5711d6f9a\" class=\"su-carousel su-carousel-centered su-carousel-pages-no su-carousel-responsive-yes su-lightbox-gallery\" style=\"width:100%\" data-autoplay=\"7000\" data-speed=\"1000\" data-mousewheel=\"true\" data-items=\"3\" data-scroll=\"1\"><div class=\"su-carousel-slides\"><div class=\"su-carousel-slide\"><a href=\"https:\/\/www.rwk-onlinemelder.de\/wp-content\/uploads\/2018\/05\/rwkp-Dashboard.jpg\" title=\"rwkp-Dashboard\"><img decoding=\"async\" src=\"https:\/\/www.rwk-onlinemelder.de\/wp-content\/uploads\/2018\/05\/rwkp-Dashboard-182x100.jpg\" alt=\"rwkp-Dashboard\" \/><\/a><\/div><div class=\"su-carousel-slide\"><a href=\"https:\/\/www.rwk-onlinemelder.de\/wp-content\/uploads\/2018\/05\/rwkp.png\" title=\"rwkp\"><img decoding=\"async\" src=\"https:\/\/www.rwk-onlinemelder.de\/wp-content\/uploads\/2018\/05\/rwkp-182x100.png\" alt=\"rwkp\" \/><\/a><\/div><div class=\"su-carousel-slide\"><a href=\"https:\/\/www.rwk-onlinemelder.de\/wp-content\/uploads\/2018\/05\/rwkp-vereinsverwaltung-1.png\" title=\"rwkp-vereinsverwaltung-1\"><img decoding=\"async\" src=\"https:\/\/www.rwk-onlinemelder.de\/wp-content\/uploads\/2018\/05\/rwkp-vereinsverwaltung-1-182x100.png\" alt=\"rwkp-vereinsverwaltung-1\" \/><\/a><\/div><div class=\"su-carousel-slide\"><a href=\"https:\/\/www.rwk-onlinemelder.de\/wp-content\/uploads\/2018\/05\/rwkp-vereinsverwaltung-2.png\" title=\"rwkp-vereinsverwaltung-2\"><img decoding=\"async\" src=\"https:\/\/www.rwk-onlinemelder.de\/wp-content\/uploads\/2018\/05\/rwkp-vereinsverwaltung-2-182x100.png\" alt=\"rwkp-vereinsverwaltung-2\" \/><\/a><\/div><div class=\"su-carousel-slide\"><a href=\"https:\/\/www.rwk-onlinemelder.de\/wp-content\/uploads\/2018\/05\/rwkp-vereinsverwaltung-3.png\" title=\"rwkp-vereinsverwaltung-3\"><img decoding=\"async\" src=\"https:\/\/www.rwk-onlinemelder.de\/wp-content\/uploads\/2018\/05\/rwkp-vereinsverwaltung-3-182x100.png\" alt=\"rwkp-vereinsverwaltung-3\" \/><\/a><\/div><div class=\"su-carousel-slide\"><a href=\"https:\/\/www.rwk-onlinemelder.de\/wp-content\/uploads\/2018\/05\/rwkp-mannschaftsuebersicht.png\" title=\"rwkp-mannschaftsuebersicht\"><img decoding=\"async\" src=\"https:\/\/www.rwk-onlinemelder.de\/wp-content\/uploads\/2018\/05\/rwkp-mannschaftsuebersicht-182x100.png\" alt=\"rwkp-mannschaftsuebersicht\" \/><\/a><\/div><div class=\"su-carousel-slide\"><a href=\"https:\/\/www.rwk-onlinemelder.de\/wp-content\/uploads\/2018\/05\/rwkp-klasseneinteilung.png\" title=\"rwkp-klasseneinteilung\"><img decoding=\"async\" src=\"https:\/\/www.rwk-onlinemelder.de\/wp-content\/uploads\/2018\/05\/rwkp-klasseneinteilung-182x100.png\" alt=\"rwkp-klasseneinteilung\" \/><\/a><\/div><div class=\"su-carousel-slide\"><a href=\"https:\/\/www.rwk-onlinemelder.de\/wp-content\/uploads\/2018\/05\/rwkp-terminrahmen.png\" title=\"rwkp-terminrahmen\"><img decoding=\"async\" src=\"https:\/\/www.rwk-onlinemelder.de\/wp-content\/uploads\/2018\/05\/rwkp-terminrahmen-182x100.png\" alt=\"rwkp-terminrahmen\" \/><\/a><\/div><div class=\"su-carousel-slide\"><a href=\"https:\/\/www.rwk-onlinemelder.de\/wp-content\/uploads\/2018\/05\/rwkp-wettkampfplanung.png\" title=\"rwkp-wettkampfplanung\"><img decoding=\"async\" src=\"https:\/\/www.rwk-onlinemelder.de\/wp-content\/uploads\/2018\/05\/rwkp-wettkampfplanung-182x100.png\" alt=\"rwkp-wettkampfplanung\" \/><\/a><\/div><div class=\"su-carousel-slide\"><a href=\"https:\/\/www.rwk-onlinemelder.de\/wp-content\/uploads\/2018\/05\/rwkp-wettkampfplanung-2.png\" title=\"rwkp-wettkampfplanung-2\"><img decoding=\"async\" src=\"https:\/\/www.rwk-onlinemelder.de\/wp-content\/uploads\/2018\/05\/rwkp-wettkampfplanung-2-182x100.png\" alt=\"rwkp-wettkampfplanung-2\" \/><\/a><\/div><div class=\"su-carousel-slide\"><a href=\"https:\/\/www.rwk-onlinemelder.de\/wp-content\/uploads\/2018\/05\/11-WKPlan-PDF-Ausgabe.jpg\" title=\"11-WKPlan-PDF-Ausgabe\"><img decoding=\"async\" src=\"https:\/\/www.rwk-onlinemelder.de\/wp-content\/uploads\/2018\/05\/11-WKPlan-PDF-Ausgabe-182x100.jpg\" alt=\"11-WKPlan-PDF-Ausgabe\" \/><\/a><\/div><div class=\"su-carousel-slide\"><a href=\"https:\/\/www.rwk-onlinemelder.de\/wp-content\/uploads\/2018\/05\/rwkp-wettkampfklassen-1.png\" title=\"rwkp-wettkampfklassen-1\"><img decoding=\"async\" src=\"https:\/\/www.rwk-onlinemelder.de\/wp-content\/uploads\/2018\/05\/rwkp-wettkampfklassen-1-182x100.png\" alt=\"rwkp-wettkampfklassen-1\" \/><\/a><\/div><div class=\"su-carousel-slide\"><a href=\"https:\/\/www.rwk-onlinemelder.de\/wp-content\/uploads\/2018\/05\/rwkp-wettkampfklassen-2.png\" title=\"rwkp-wettkampfklassen-2\"><img decoding=\"async\" src=\"https:\/\/www.rwk-onlinemelder.de\/wp-content\/uploads\/2018\/05\/rwkp-wettkampfklassen-2-182x100.png\" alt=\"rwkp-wettkampfklassen-2\" \/><\/a><\/div><\/div><div class=\"su-carousel-nav\"><div class=\"su-carousel-direction\"><span class=\"su-carousel-prev\"><\/span><span class=\"su-carousel-next\"><\/span><\/div><div class=\"su-carousel-pagination\"><\/div><\/div><\/div>\n","protected":false},"excerpt":{"rendered":"<p>RWK-Planung Die RWK-Planung als Teil des Komplettsystems RWK-Onlinemelder unterst\u00fctzt Sie bei der Vorbereitung und Durchf\u00fchrung der Rundenwettk\u00e4mpfe in Ihrem Verband. Mit ihr k\u00f6nnen Sie auf einfache und effiziente Weise Wettkampfpl\u00e4ne f\u00fcr unterschiedliche Wettkampfmodi erstellen, Wettkampfklassen sowie Mannschaften und Vereine verwalten. Dar\u00fcber hinaus werden auch alle Einstellungen des Komplettsystems RWK-Onlinemelder dort \u2026<\/p>\n","protected":false},"author":2,"featured_media":0,"parent":41,"menu_order":0,"comment_status":"closed","ping_status":"closed","template":"","meta":{"jetpack_post_was_ever_published":false,"footnotes":""},"class_list":["post-471","page","type-page","status-publish","hentry"],"translation":{"provider":"WPGlobus","version":"3.0.0","language":"en","enabled_languages":["de","en"],"languages":{"de":{"title":true,"content":true,"excerpt":false},"en":{"title":false,"content":false,"excerpt":false}}},"yoast_head":"<!-- This site is optimized with the Yoast SEO plugin v26.5 - https:\/\/yoast.com\/wordpress\/plugins\/seo\/ -->\n<title>RWK-Planung - RWK-Onlinemelder<\/title>\n<meta name=\"robots\" content=\"index, follow, max-snippet:-1, max-image-preview:large, max-video-preview:-1\" \/>\n<link rel=\"canonical\" href=\"https:\/\/www.rwk-onlinemelder.de\/en\/produkte\/planung\/\" \/>\n<meta property=\"og:locale\" content=\"en_US\" \/>\n<meta property=\"og:type\" content=\"article\" \/>\n<meta property=\"og:title\" content=\"RWK-Planung - RWK-Onlinemelder\" \/>\n<meta property=\"og:url\" content=\"https:\/\/www.rwk-onlinemelder.de\/en\/produkte\/planung\/\" \/>\n<meta property=\"og:site_name\" content=\"RWK-Onlinemelder\" \/>\n<meta property=\"article:modified_time\" content=\"2018-05-23T12:38:49+00:00\" \/>\n<meta property=\"og:image\" content=\"https:\/\/www.rwk-onlinemelder.de\/wp-content\/uploads\/2017\/12\/logo-design-dna.png\" \/>\n\t<meta property=\"og:image:width\" content=\"588\" \/>\n\t<meta property=\"og:image:height\" content=\"588\" \/>\n\t<meta property=\"og:image:type\" content=\"image\/png\" \/>\n<meta name=\"twitter:card\" content=\"summary_large_image\" \/>\n<meta name=\"twitter:label1\" content=\"Est. reading time\" \/>\n\t<meta name=\"twitter:data1\" content=\"1 minute\" \/>\n<script type=\"application\/ld+json\" class=\"yoast-schema-graph\">{\"@context\":\"https:\/\/schema.org\",\"@graph\":[{\"@type\":\"WebPage\",\"@id\":\"https:\/\/www.rwk-onlinemelder.de\/en\/produkte\/planung\/\",\"url\":\"https:\/\/www.rwk-onlinemelder.de\/en\/produkte\/planung\/\",\"name\":\"RWK-Planung - RWK-Onlinemelder\",\"isPartOf\":{\"@id\":\"https:\/\/www.rwk-onlinemelder.de\/#website\"},\"datePublished\":\"2017-05-30T13:14:41+00:00\",\"dateModified\":\"2018-05-23T12:38:49+00:00\",\"breadcrumb\":{\"@id\":\"https:\/\/www.rwk-onlinemelder.de\/en\/produkte\/planung\/#breadcrumb\"},\"inLanguage\":\"en-US\",\"potentialAction\":[{\"@type\":\"ReadAction\",\"target\":[\"https:\/\/www.rwk-onlinemelder.de\/en\/produkte\/planung\/\"]}]},{\"@type\":\"BreadcrumbList\",\"@id\":\"https:\/\/www.rwk-onlinemelder.de\/en\/produkte\/planung\/#breadcrumb\",\"itemListElement\":[{\"@type\":\"ListItem\",\"position\":1,\"name\":\"Startseite\",\"item\":\"https:\/\/www.rwk-onlinemelder.de\/\"},{\"@type\":\"ListItem\",\"position\":2,\"name\":\"Produkte\",\"item\":\"https:\/\/www.rwk-onlinemelder.de\/produkte\/\"},{\"@type\":\"ListItem\",\"position\":3,\"name\":\"RWK-Planung\"}]},{\"@type\":\"WebSite\",\"@id\":\"https:\/\/www.rwk-onlinemelder.de\/#website\",\"url\":\"https:\/\/www.rwk-onlinemelder.de\/\",\"name\":\"RWK-Onlinemelder\",\"description\":\"Competition ... fast, easy, save ... complete\",\"publisher\":{\"@id\":\"https:\/\/www.rwk-onlinemelder.de\/#organization\"},\"potentialAction\":[{\"@type\":\"SearchAction\",\"target\":{\"@type\":\"EntryPoint\",\"urlTemplate\":\"https:\/\/www.rwk-onlinemelder.de\/?s={search_term_string}\"},\"query-input\":{\"@type\":\"PropertyValueSpecification\",\"valueRequired\":true,\"valueName\":\"search_term_string\"}}],\"inLanguage\":\"en-US\"},{\"@type\":\"Organization\",\"@id\":\"https:\/\/www.rwk-onlinemelder.de\/#organization\",\"name\":\"RWK-Onlinemelder\",\"url\":\"https:\/\/www.rwk-onlinemelder.de\/\",\"logo\":{\"@type\":\"ImageObject\",\"inLanguage\":\"en-US\",\"@id\":\"https:\/\/www.rwk-onlinemelder.de\/#\/schema\/logo\/image\/\",\"url\":\"https:\/\/www.rwk-onlinemelder.de\/wp-content\/uploads\/2017\/12\/logo-design-dna.png\",\"contentUrl\":\"https:\/\/www.rwk-onlinemelder.de\/wp-content\/uploads\/2017\/12\/logo-design-dna.png\",\"width\":588,\"height\":588,\"caption\":\"RWK-Onlinemelder\"},\"image\":{\"@id\":\"https:\/\/www.rwk-onlinemelder.de\/#\/schema\/logo\/image\/\"}}]}<\/script>\n<!-- \/ Yoast SEO plugin. -->","yoast_head_json":{"title":"RWK-Planung - RWK-Onlinemelder","robots":{"index":"index","follow":"follow","max-snippet":"max-snippet:-1","max-image-preview":"max-image-preview:large","max-video-preview":"max-video-preview:-1"},"canonical":"https:\/\/www.rwk-onlinemelder.de\/en\/produkte\/planung\/","og_locale":"en_US","og_type":"article","og_title":"RWK-Planung - RWK-Onlinemelder","og_url":"https:\/\/www.rwk-onlinemelder.de\/en\/produkte\/planung\/","og_site_name":"RWK-Onlinemelder","article_modified_time":"2018-05-23T12:38:49+00:00","og_image":[{"width":588,"height":588,"url":"https:\/\/www.rwk-onlinemelder.de\/wp-content\/uploads\/2017\/12\/logo-design-dna.png","type":"image\/png"}],"twitter_card":"summary_large_image","twitter_misc":{"Est. reading time":"1 minute"},"schema":{"@context":"https:\/\/schema.org","@graph":[{"@type":"WebPage","@id":"https:\/\/www.rwk-onlinemelder.de\/en\/produkte\/planung\/","url":"https:\/\/www.rwk-onlinemelder.de\/en\/produkte\/planung\/","name":"RWK-Planung - RWK-Onlinemelder","isPartOf":{"@id":"https:\/\/www.rwk-onlinemelder.de\/#website"},"datePublished":"2017-05-30T13:14:41+00:00","dateModified":"2018-05-23T12:38:49+00:00","breadcrumb":{"@id":"https:\/\/www.rwk-onlinemelder.de\/en\/produkte\/planung\/#breadcrumb"},"inLanguage":"en-US","potentialAction":[{"@type":"ReadAction","target":["https:\/\/www.rwk-onlinemelder.de\/en\/produkte\/planung\/"]}]},{"@type":"BreadcrumbList","@id":"https:\/\/www.rwk-onlinemelder.de\/en\/produkte\/planung\/#breadcrumb","itemListElement":[{"@type":"ListItem","position":1,"name":"Startseite","item":"https:\/\/www.rwk-onlinemelder.de\/"},{"@type":"ListItem","position":2,"name":"Produkte","item":"https:\/\/www.rwk-onlinemelder.de\/produkte\/"},{"@type":"ListItem","position":3,"name":"RWK-Planung"}]},{"@type":"WebSite","@id":"https:\/\/www.rwk-onlinemelder.de\/#website","url":"https:\/\/www.rwk-onlinemelder.de\/","name":"RWK-Onlinemelder","description":"Competition ... fast, easy, save ... complete","publisher":{"@id":"https:\/\/www.rwk-onlinemelder.de\/#organization"},"potentialAction":[{"@type":"SearchAction","target":{"@type":"EntryPoint","urlTemplate":"https:\/\/www.rwk-onlinemelder.de\/?s={search_term_string}"},"query-input":{"@type":"PropertyValueSpecification","valueRequired":true,"valueName":"search_term_string"}}],"inLanguage":"en-US"},{"@type":"Organization","@id":"https:\/\/www.rwk-onlinemelder.de\/#organization","name":"RWK-Onlinemelder","url":"https:\/\/www.rwk-onlinemelder.de\/","logo":{"@type":"ImageObject","inLanguage":"en-US","@id":"https:\/\/www.rwk-onlinemelder.de\/#\/schema\/logo\/image\/","url":"https:\/\/www.rwk-onlinemelder.de\/wp-content\/uploads\/2017\/12\/logo-design-dna.png","contentUrl":"https:\/\/www.rwk-onlinemelder.de\/wp-content\/uploads\/2017\/12\/logo-design-dna.png","width":588,"height":588,"caption":"RWK-Onlinemelder"},"image":{"@id":"https:\/\/www.rwk-onlinemelder.de\/#\/schema\/logo\/image\/"}}]}},"jetpack_sharing_enabled":true,"_links":{"self":[{"href":"https:\/\/www.rwk-onlinemelder.de\/en\/wp-json\/wp\/v2\/pages\/471","targetHints":{"allow":["GET"]}}],"collection":[{"href":"https:\/\/www.rwk-onlinemelder.de\/en\/wp-json\/wp\/v2\/pages"}],"about":[{"href":"https:\/\/www.rwk-onlinemelder.de\/en\/wp-json\/wp\/v2\/types\/page"}],"author":[{"embeddable":true,"href":"https:\/\/www.rwk-onlinemelder.de\/en\/wp-json\/wp\/v2\/users\/2"}],"replies":[{"embeddable":true,"href":"https:\/\/www.rwk-onlinemelder.de\/en\/wp-json\/wp\/v2\/comments?post=471"}],"version-history":[{"count":17,"href":"https:\/\/www.rwk-onlinemelder.de\/en\/wp-json\/wp\/v2\/pages\/471\/revisions"}],"predecessor-version":[{"id":1318,"href":"https:\/\/www.rwk-onlinemelder.de\/en\/wp-json\/wp\/v2\/pages\/471\/revisions\/1318"}],"up":[{"embeddable":true,"href":"https:\/\/www.rwk-onlinemelder.de\/en\/wp-json\/wp\/v2\/pages\/41"}],"wp:attachment":[{"href":"https:\/\/www.rwk-onlinemelder.de\/en\/wp-json\/wp\/v2\/media?parent=471"}],"curies":[{"name":"wp","href":"https:\/\/api.w.org\/{rel}","templated":true}]}}