{"id":41,"date":"2016-05-15T13:31:00","date_gmt":"2016-05-15T11:31:00","guid":{"rendered":"http:\/\/www.rwk-onlinemelder.de\/?page_id=41"},"modified":"2022-10-30T12:17:07","modified_gmt":"2022-10-30T11:17:07","slug":"produkte","status":"publish","type":"page","link":"https:\/\/www.rwk-onlinemelder.de\/en\/produkte\/","title":{"rendered":"Produkte"},"content":{"rendered":"<h5 style=\"text-align: justify;\">Das Komplettsystem<\/h5>\n<p style=\"text-align: justify;\">Begonnen mit der Entwicklung bereits im Jahr 2003 ist der <abbr title=\"Rundenwettkampf\">RWK<\/abbr>-Onlinemelder als webbasierte Datenbankanwendung seit 2005 aus dem Rundenwettkampfgeschehen nicht mehr wegzudenken. Als reines Meldesystem, war er 2005 der Erste seiner Art in ganz Deutschland. Er erm\u00f6glicht es Verb\u00e4nden durch intelligente Informationsverarbeitung, sich die Rundenwettkampfergebnisse ihrer Mannschaften online melden zu lassen.<\/p>\n<p style=\"text-align: justify;\">Seit dieser Zeit geh\u00f6ren die Probleme von falsch, unvollst\u00e4ndig oder unleserlich ausgef\u00fcllten Meldezetteln, von versp\u00e4teten Meldungen per Post, von unleserlichen Faxen und vielem mehr der Vergangenheit an. Das Komplettsystem des <abbr title=\"Rundenwettkampf\">RWK<\/abbr>-Onlinemelder erleichtert damit einem Rundenwettkampfleiter seine ehrenamtliche T\u00e4tigkeit.<\/p>\n<p style=\"margin-bottom: 15px; text-align: justify;\">Inzwischen hat sich der <a href=\"https:\/\/www.rwk-onlinemelder.de\/?page_id=474\"><abbr title=\"Rundenwettkampf\">RWK<\/abbr>-Onlinemelder<\/a>\u00a0mit der <a href=\"https:\/\/www.rwk-onlinemelder.de\/?page_id=471\"><abbr title=\"Rundenwettkampf\">RWK<\/abbr>-Planung<\/a> zu einem Komplettsystem f\u00fcr Rundenwettk\u00e4mpfe jeglicher Art entwickelt, das sich von der Wettkampfplanung in Verein und Verband \u00fcber die Meldung von Wettkampfergebnissen und deren Auswertung erstreckt.<\/p>\n<p style=\"text-align: justify;\"><div class=\"su-animate\" style=\"opacity:0;-webkit-animation-duration:1.5s;-webkit-animation-delay:0s;animation-duration:1.5s;animation-delay:0s;\" data-animation=\"slideInLeft\" data-duration=\"1.5\" data-delay=\"0\"><span style=\"padding: 25px; color: #53a1b8; font-size: 20px; font-weight: bold;\">Flexible Wettkampfplanung<\/span><\/div>\n<p style=\"text-align: justify;\"><div class=\"su-animate\" style=\"opacity:0;-webkit-animation-duration:1.5s;-webkit-animation-delay:0.3s;animation-duration:1.5s;animation-delay:0.3s;\" data-animation=\"slideInLeft\" data-duration=\"1.5\" data-delay=\"0.3\"><span style=\"padding: 25px; color: #53a1b8; font-size: 20px; font-weight: bold;\">Wettkampfplanung nach Bundesliga-Reglement<\/span><\/div>\n<p style=\"text-align: justify;\"><div class=\"su-animate\" style=\"opacity:0;-webkit-animation-duration:1.5s;-webkit-animation-delay:0.6s;animation-duration:1.5s;animation-delay:0.6s;\" data-animation=\"slideInLeft\" data-duration=\"1.5\" data-delay=\"0.6\"><span style=\"padding: 25px; color: #53a1b8; font-size: 20px; font-weight: bold;\">Ergebnis-\/Tabellendarstellung<\/span><\/div>\n<p style=\"text-align: justify;\"><div class=\"su-animate\" style=\"opacity:0;-webkit-animation-duration:1.5s;-webkit-animation-delay:0.9s;animation-duration:1.5s;animation-delay:0.9s;\" data-animation=\"slideInLeft\" data-duration=\"1.5\" data-delay=\"0.9\"><span style=\"padding: 25px; color: #53a1b8; font-size: 20px; font-weight: bold;\">Presseberichte<\/span><\/div>\n<p style=\"text-align: justify;\"><div class=\"su-animate\" style=\"opacity:0;-webkit-animation-duration:1.5s;-webkit-animation-delay:1.2s;animation-duration:1.5s;animation-delay:1.2s;\" data-animation=\"slideInLeft\" data-duration=\"1.5\" data-delay=\"1.2\"><span style=\"padding: 25px; color: #53a1b8; font-size: 20px; font-weight: bold;\">Siegerlisten<\/span><\/div>\n<p style=\"margin-top: 15px; text-align: justify;\">Durch die Entzerrung der Komplexit\u00e4t werden Informationen dort dargestellt, wo sie ben\u00f6tigt werden. Die wichtigsten Funktionen f\u00fcr die Hauptprozesse sind schnell verf\u00fcgbar und die selten ben\u00f6tigen Details liegen nur wenige Klicks entfernt.<\/p>\n<p style=\"text-align: justify;\">Funktionalit\u00e4t ist die Maxime, deswegen werden die Inhalte genau auf die Use Cases und entlang der Prozesse ausgerichtet. Um sich auf das Wesentliche zu konzentrieren, wird auf \u00dcberfl\u00fcssiges verzichtet.<\/p>\n<p style=\"text-align: justify;\">Das Komplettsystem des <abbr title=\"Rundenwettkampf\">RWK<\/abbr>-Onlinemelder ist in vier Module gegliedert, welche durch aktuellste Authentifizierungsverfahren nur f\u00fcr die dazu Berechtigten zug\u00e4nglich sind.<\/p>\n<p style=\"text-align: justify;\">Die Daten der einzelnen Verb\u00e4nde liegen in unserer sicheren\u00a0<abbr title=\"Rundenwettkampf\">RWK<\/abbr>-Cloud. Durch eine aktuelle Software-Architektur wird sicher gestellt, dass jeder Verband nur auf seine Daten Zugriff hat.<\/p>\n<p style=\"text-align: justify;\">Durch die ausgekl\u00fcgelte Datenstruktur sind unsere Anwendungen f\u00fcr alle Landesverb\u00e4nde, die ihre Mitgliederdaten im <abbr title=\"Comma Separated Value\">CSV<\/abbr>-Format oder als Webservice zur Verf\u00fcgung stellen k\u00f6nnen, geeignet.<\/p>\n<p>Zus\u00e4tzlich wird ein <a href=\"https:\/\/www.rwk-onlinemelder.de\/?page_id=491\">Dienstprogramm zur Datenaufbereitung<\/a> ausgeliefert und ein Nachschlagewerk an die Hand gegeben. Das Nachschlagewerk beinhaltet eine ausf\u00fchrliche Beschreibung, wie der RWK-Onlinemelder bedient werden kann.<\/p>\n<p>Wenn Sie dennoch Probleme mit der Bedienung des RWK-Onlinemelders oder der RWK-Planung haben, dann kontaktieren Sie uns \u00fcber unseren <a href=\"https:\/\/www.rwk-onlinemelder.de\/?page_id=137\">Online-Support<\/a>.<\/p>\n<h5>Pflege und Weiterentwicklung<\/h5>\n<p>F\u00fcr das <a href=\"https:\/\/www.rwk-onlinemelder.de\/?page_id=41\">Komplettsystem <abbr title=\"Rundenwettkampf\">RWK<\/abbr>-Onlinemelder<\/a> mit allen seinen\u00a0Modulen ist eine j\u00e4hrliche \u00dcberlassungsverg\u00fctung zu entrichten. Diese beinhaltet auch uneingeschr\u00e4nkt neue Versionen bei Aktualisierungen und Leistungserweiterungen.<\/p>\n<p>Haben Sie noch Funktionsw\u00fcnsche an\u00a0das Komplettsystems RWK-Onlinemelder? Dann kontaktieren Sie uns bitte via <a title=\"Featurewunsch senden\" href=\"mailto:info@rwk-onlinemelder.de?subject=Features RWK-Onlinemelder\">info@rwk-onlinemelder.de<\/a>.<\/p>\n<h5>Verf\u00fcgbarkeit &amp; Datenschutz<\/h5>\n<p>Alle Verarbeitungen, ausschlie\u00dflich der Datenaufbereitung und Erstellung von Presseberichten, werden online auf unseren Webservern ausgef\u00fchrt und stehen rund um die Uhr zur Verf\u00fcgung.<\/p>\n<p>Das Dienstprogramm zur Datenaufbereitung und Erstellung von Presseberichten ist eine Desktop-Anwendung, welche lokal auf Ihrem Computer installiert werden muss. Diese steht somit ab der Installation auch rund um die Uhr zur Verf\u00fcgung.<\/p>\n<p>Zur Sicherheit Ihrer sensiblen Mitgliederdaten l\u00e4uft das Komplettsystem <abbr title=\"Rundenwettkampf\">RWK<\/abbr>-Onlinemelder in allen Bereichen <abbr title=\"Secure Socket Layer\">SSL<\/abbr> gesch\u00fctzt. Unsere Anwendungen gen\u00fcgen in vollem Umfang den Vorgaben der europ\u00e4ischen und deutschen Gesetze zum <a href=\"https:\/\/www.rwk-onlinemelder.de\/datenschutz\/\">Datenschutz<\/a>.<\/p>\n<h5>Vorstellung des RWK-Onlinemelder<\/h5>\n<p>Neugierig geworden? Gerne stellen wir Ihnen das <a title=\"Komplettsystem RWK-Onlinemelder\" href=\"https:\/\/www.rwk-onlinemelder.de\/?page_id=41\">Komplettsystem RWK-Onlinemelder<\/a>\u00a0in Ihrem Bezirk, Gau oder Kreis vor und pr\u00e4sentieren Ihnen und Ihren Mitarbeitern die Funktionsweise des RWK-Onlinemelder und der RWK-Planung live vor Ort. Vollkommen unverbindlich &#8211; Entfernung spielt keine Rolle!<\/p>\n<a href=\"mailto:helmut.vogt@rwk-onlinemelder.de?subject=Vorf%C3%BChrung%20RWK-Onlinemelder%20in%20unserem%20Gau\/Kreis\" class=\"su-button su-button-style-default\" style=\"color:#FFFFFF;background-color:#53a1b8;border-color:#438194;border-radius:8px\" target=\"_self\" title=\"Vorstellung unverbindlich anfordern\"><span style=\"color:#FFFFFF;padding:7px 22px;font-size:17px;line-height:26px;border-color:#87bece;border-radius:8px;text-shadow:none\"><i class=\"sui sui-shopping-cart\" style=\"font-size:17px;color:#FFFFFF\"><\/i> Vorstellung unverbindlich anfordern<\/span><\/a>\n","protected":false},"excerpt":{"rendered":"<p>Das Komplettsystem Begonnen mit der Entwicklung bereits im Jahr 2003 ist der RWK-Onlinemelder als webbasierte Datenbankanwendung seit 2005 aus dem Rundenwettkampfgeschehen nicht mehr wegzudenken. Als reines Meldesystem, war er 2005 der Erste seiner Art in ganz Deutschland. Er erm\u00f6glicht es Verb\u00e4nden durch intelligente Informationsverarbeitung, sich die Rundenwettkampfergebnisse ihrer Mannschaften online \u2026<\/p>\n","protected":false},"author":1,"featured_media":0,"parent":0,"menu_order":1,"comment_status":"closed","ping_status":"closed","template":"","meta":{"jetpack_post_was_ever_published":false,"footnotes":""},"class_list":["post-41","page","type-page","status-publish","hentry"],"translation":{"provider":"WPGlobus","version":"3.0.0","language":"en","enabled_languages":["de","en"],"languages":{"de":{"title":true,"content":true,"excerpt":false},"en":{"title":false,"content":false,"excerpt":false}}},"yoast_head":"<!-- This site is optimized with the Yoast SEO plugin v26.5 - https:\/\/yoast.com\/wordpress\/plugins\/seo\/ -->\n<title>Produkte - RWK-Onlinemelder<\/title>\n<meta name=\"robots\" content=\"index, follow, max-snippet:-1, max-image-preview:large, max-video-preview:-1\" \/>\n<link rel=\"canonical\" href=\"https:\/\/www.rwk-onlinemelder.de\/produkte\/\" \/>\n<meta property=\"og:locale\" content=\"en_US\" \/>\n<meta property=\"og:type\" content=\"article\" \/>\n<meta property=\"og:title\" content=\"Produkte - RWK-Onlinemelder\" \/>\n<meta property=\"og:url\" content=\"https:\/\/www.rwk-onlinemelder.de\/produkte\/\" \/>\n<meta property=\"og:site_name\" content=\"RWK-Onlinemelder\" \/>\n<meta property=\"article:modified_time\" content=\"2022-10-30T11:17:07+00:00\" \/>\n<meta property=\"og:image\" content=\"https:\/\/www.rwk-onlinemelder.de\/wp-content\/uploads\/2017\/12\/logo-design-dna.png\" \/>\n\t<meta property=\"og:image:width\" content=\"588\" \/>\n\t<meta property=\"og:image:height\" content=\"588\" \/>\n\t<meta property=\"og:image:type\" content=\"image\/png\" \/>\n<meta name=\"twitter:card\" content=\"summary_large_image\" \/>\n<meta name=\"twitter:label1\" content=\"Est. reading time\" \/>\n\t<meta name=\"twitter:data1\" content=\"3 minutes\" \/>\n<script type=\"application\/ld+json\" class=\"yoast-schema-graph\">{\"@context\":\"https:\/\/schema.org\",\"@graph\":[{\"@type\":\"WebPage\",\"@id\":\"https:\/\/www.rwk-onlinemelder.de\/produkte\/\",\"url\":\"https:\/\/www.rwk-onlinemelder.de\/produkte\/\",\"name\":\"Produkte - RWK-Onlinemelder\",\"isPartOf\":{\"@id\":\"https:\/\/www.rwk-onlinemelder.de\/#website\"},\"datePublished\":\"2016-05-15T11:31:00+00:00\",\"dateModified\":\"2022-10-30T11:17:07+00:00\",\"description\":\"Der RWK-Onlinemelder mit der RWK-Planung gilt als Komplettsystem f\u00fcr Rundenwettk\u00e4mpfe jeglicher Art. Egal ob flexible Wettkampfplanung oder Planung nach Bundesliga Reglement. Darstellung der Wettkampfergebnisse in Tabellen, Erstellung von Presseberichten und Siegerlisten.\",\"breadcrumb\":{\"@id\":\"https:\/\/www.rwk-onlinemelder.de\/produkte\/#breadcrumb\"},\"inLanguage\":\"en-US\",\"potentialAction\":[{\"@type\":\"ReadAction\",\"target\":[\"https:\/\/www.rwk-onlinemelder.de\/produkte\/\"]}]},{\"@type\":\"BreadcrumbList\",\"@id\":\"https:\/\/www.rwk-onlinemelder.de\/produkte\/#breadcrumb\",\"itemListElement\":[{\"@type\":\"ListItem\",\"position\":1,\"name\":\"Startseite\",\"item\":\"https:\/\/www.rwk-onlinemelder.de\/\"},{\"@type\":\"ListItem\",\"position\":2,\"name\":\"Produkte\"}]},{\"@type\":\"WebSite\",\"@id\":\"https:\/\/www.rwk-onlinemelder.de\/#website\",\"url\":\"https:\/\/www.rwk-onlinemelder.de\/\",\"name\":\"RWK-Onlinemelder\",\"description\":\"Competition ... fast, easy, save ... complete\",\"publisher\":{\"@id\":\"https:\/\/www.rwk-onlinemelder.de\/#organization\"},\"potentialAction\":[{\"@type\":\"SearchAction\",\"target\":{\"@type\":\"EntryPoint\",\"urlTemplate\":\"https:\/\/www.rwk-onlinemelder.de\/?s={search_term_string}\"},\"query-input\":{\"@type\":\"PropertyValueSpecification\",\"valueRequired\":true,\"valueName\":\"search_term_string\"}}],\"inLanguage\":\"en-US\"},{\"@type\":\"Organization\",\"@id\":\"https:\/\/www.rwk-onlinemelder.de\/#organization\",\"name\":\"RWK-Onlinemelder\",\"url\":\"https:\/\/www.rwk-onlinemelder.de\/\",\"logo\":{\"@type\":\"ImageObject\",\"inLanguage\":\"en-US\",\"@id\":\"https:\/\/www.rwk-onlinemelder.de\/#\/schema\/logo\/image\/\",\"url\":\"https:\/\/www.rwk-onlinemelder.de\/wp-content\/uploads\/2017\/12\/logo-design-dna.png\",\"contentUrl\":\"https:\/\/www.rwk-onlinemelder.de\/wp-content\/uploads\/2017\/12\/logo-design-dna.png\",\"width\":588,\"height\":588,\"caption\":\"RWK-Onlinemelder\"},\"image\":{\"@id\":\"https:\/\/www.rwk-onlinemelder.de\/#\/schema\/logo\/image\/\"}}]}<\/script>\n<!-- \/ Yoast SEO plugin. -->","yoast_head_json":{"title":"Produkte - RWK-Onlinemelder","robots":{"index":"index","follow":"follow","max-snippet":"max-snippet:-1","max-image-preview":"max-image-preview:large","max-video-preview":"max-video-preview:-1"},"canonical":"https:\/\/www.rwk-onlinemelder.de\/produkte\/","og_locale":"en_US","og_type":"article","og_title":"Produkte - RWK-Onlinemelder","og_url":"https:\/\/www.rwk-onlinemelder.de\/produkte\/","og_site_name":"RWK-Onlinemelder","article_modified_time":"2022-10-30T11:17:07+00:00","og_image":[{"width":588,"height":588,"url":"https:\/\/www.rwk-onlinemelder.de\/wp-content\/uploads\/2017\/12\/logo-design-dna.png","type":"image\/png"}],"twitter_card":"summary_large_image","twitter_misc":{"Est. reading time":"3 minutes"},"schema":{"@context":"https:\/\/schema.org","@graph":[{"@type":"WebPage","@id":"https:\/\/www.rwk-onlinemelder.de\/produkte\/","url":"https:\/\/www.rwk-onlinemelder.de\/produkte\/","name":"Produkte - RWK-Onlinemelder","isPartOf":{"@id":"https:\/\/www.rwk-onlinemelder.de\/#website"},"datePublished":"2016-05-15T11:31:00+00:00","dateModified":"2022-10-30T11:17:07+00:00","description":"Der RWK-Onlinemelder mit der RWK-Planung gilt als Komplettsystem f\u00fcr Rundenwettk\u00e4mpfe jeglicher Art. Egal ob flexible Wettkampfplanung oder Planung nach Bundesliga Reglement. Darstellung der Wettkampfergebnisse in Tabellen, Erstellung von Presseberichten und Siegerlisten.","breadcrumb":{"@id":"https:\/\/www.rwk-onlinemelder.de\/produkte\/#breadcrumb"},"inLanguage":"en-US","potentialAction":[{"@type":"ReadAction","target":["https:\/\/www.rwk-onlinemelder.de\/produkte\/"]}]},{"@type":"BreadcrumbList","@id":"https:\/\/www.rwk-onlinemelder.de\/produkte\/#breadcrumb","itemListElement":[{"@type":"ListItem","position":1,"name":"Startseite","item":"https:\/\/www.rwk-onlinemelder.de\/"},{"@type":"ListItem","position":2,"name":"Produkte"}]},{"@type":"WebSite","@id":"https:\/\/www.rwk-onlinemelder.de\/#website","url":"https:\/\/www.rwk-onlinemelder.de\/","name":"RWK-Onlinemelder","description":"Competition ... fast, easy, save ... complete","publisher":{"@id":"https:\/\/www.rwk-onlinemelder.de\/#organization"},"potentialAction":[{"@type":"SearchAction","target":{"@type":"EntryPoint","urlTemplate":"https:\/\/www.rwk-onlinemelder.de\/?s={search_term_string}"},"query-input":{"@type":"PropertyValueSpecification","valueRequired":true,"valueName":"search_term_string"}}],"inLanguage":"en-US"},{"@type":"Organization","@id":"https:\/\/www.rwk-onlinemelder.de\/#organization","name":"RWK-Onlinemelder","url":"https:\/\/www.rwk-onlinemelder.de\/","logo":{"@type":"ImageObject","inLanguage":"en-US","@id":"https:\/\/www.rwk-onlinemelder.de\/#\/schema\/logo\/image\/","url":"https:\/\/www.rwk-onlinemelder.de\/wp-content\/uploads\/2017\/12\/logo-design-dna.png","contentUrl":"https:\/\/www.rwk-onlinemelder.de\/wp-content\/uploads\/2017\/12\/logo-design-dna.png","width":588,"height":588,"caption":"RWK-Onlinemelder"},"image":{"@id":"https:\/\/www.rwk-onlinemelder.de\/#\/schema\/logo\/image\/"}}]}},"jetpack_sharing_enabled":true,"_links":{"self":[{"href":"https:\/\/www.rwk-onlinemelder.de\/en\/wp-json\/wp\/v2\/pages\/41","targetHints":{"allow":["GET"]}}],"collection":[{"href":"https:\/\/www.rwk-onlinemelder.de\/en\/wp-json\/wp\/v2\/pages"}],"about":[{"href":"https:\/\/www.rwk-onlinemelder.de\/en\/wp-json\/wp\/v2\/types\/page"}],"author":[{"embeddable":true,"href":"https:\/\/www.rwk-onlinemelder.de\/en\/wp-json\/wp\/v2\/users\/1"}],"replies":[{"embeddable":true,"href":"https:\/\/www.rwk-onlinemelder.de\/en\/wp-json\/wp\/v2\/comments?post=41"}],"version-history":[{"count":71,"href":"https:\/\/www.rwk-onlinemelder.de\/en\/wp-json\/wp\/v2\/pages\/41\/revisions"}],"predecessor-version":[{"id":1769,"href":"https:\/\/www.rwk-onlinemelder.de\/en\/wp-json\/wp\/v2\/pages\/41\/revisions\/1769"}],"wp:attachment":[{"href":"https:\/\/www.rwk-onlinemelder.de\/en\/wp-json\/wp\/v2\/media?parent=41"}],"curies":[{"name":"wp","href":"https:\/\/api.w.org\/{rel}","templated":true}]}}