{"id":36,"date":"2016-05-15T13:26:50","date_gmt":"2016-05-15T11:26:50","guid":{"rendered":"http:\/\/www.rwk-onlinemelder.de\/?page_id=36"},"modified":"2020-08-24T19:09:28","modified_gmt":"2020-08-24T17:09:28","slug":"agbs","status":"publish","type":"page","link":"https:\/\/www.rwk-onlinemelder.de\/en\/agbs\/","title":{"rendered":"Allgemeine Gesch\u00e4ftsbedingungen"},"content":{"rendered":"<h4>Allgemein<\/h4>\n<p>Der in den nachfolgenden Nutzungsbedingungen genannte &#8220;Benutzer\/Auftraggeber&#8221; ist im Sinne dieser AGB der jeweilige Sch\u00fctzenverband (Kreis\/Gau\/Bezirk), der den RWK-Onlinemelder gegen Zahlung eines saisonalen Nutzungsentgelts seinen angeschlossenen Vereinen zur Verf\u00fcgung stellt.<br \/>\nDer &#8220;Anbieter\/Auftragnehmer&#8221; ist im Sinne dieser AGB der Besitzer und Betreiber der Dienstleistung &#8220;RWK-Onlinemelder&#8221;.<\/p>\n<p>Die angebotene Dienstleistung &#8220;RWK-Onlinemelder&#8221; ist ein kostenpflichtiger Dienst f\u00fcr Sch\u00fctzenverb\u00e4nde zur elektronischen Wettkampfplanung und Ergebnis\u00fcbermittlung und -auswertung von Rundenwettkampfergebnissen.<\/p>\n<p>Jegliche missbr\u00e4uchliche Verwendung, Manipulation oder Kopieren der Dienstleistung f\u00fchrt automatisch zur Sperrung der eingerichteten Nutzung.<\/p>\n<p>Der Benutzer sichert ausdr\u00fccklich zu, durch die Nutzung der Dienstleistung &#8220;RWK-Onlinemelder&#8221; nicht gegen geltende Rechtsvorschriften zu versto\u00dfen, insbesondere nicht gegen Vorschriften des Urheberrechtes, Wettbewerbsrechtes oder Bundesdatenschutzgesetzes.<br \/>\nDer Benutzer ist verpflichtet, den Anbieter von allen Anspr\u00fcchen Dritter freizustellen, die gegen den Anbieter wegen der f\u00fcr den Benutzer erbrachten Dienstleistung\u00a0geltend gemacht werden.<\/p>\n<p>Dem Benutzer ist bekannt, dass die Dienstleistung &#8220;RWK-Onlinemelder&#8221; nur nach Ma\u00dfgabe und auf Grundlage der Bereitstellung von \u00dcbertragungswegen und -systemen erfolgen kann. Der Anbieter haftet nicht f\u00fcr Funktion, Verf\u00fcgbarkeit und sonstige auftretende bzw. zuzuordnende St\u00f6rungen ebenso wie im Falle h\u00f6herer Gewalt. Gleiches gilt f\u00fcr M\u00e4ngel und St\u00f6rungen im Empfangsbereich des\/der von dem Benutzer benannten Adressaten.<\/p>\n<p>Haftungsanspr\u00fcche gegen\u00fcber dem Anbieter sind ausdr\u00fccklich ausgeschlossen.<br \/>\nAu\u00dferdem besteht zu keiner Zeit ein Rechtsanspruch auf die Nutzung bzw. Funktionalit\u00e4ten des RWK-Onlinemelders bei Wegfall der technischen bzw. wirtschaftlichen Gegebenheiten. Siehe dazu den Abschnitt K\u00fcndigung.<\/p>\n<p>Der Benutzer ist verpflichtet, im Falle von St\u00f6rungen alle ihm m\u00f6glichen und zumutbaren geeigneten Ma\u00dfnahmen zur Schadensminderung zu ergreifen. Ferner ist er zur Mithilfe bei Auftreten von evtl. Fehlern verpflichtet, indem er m\u00f6glichst genaue Fehlerbeschreibungen (textlich, Hardcopies, etc.) abgibt. Der Anbieter ist nur in der Lage, anhand dieser vom Benutzer zu liefernden Fehlerbeschreibungen evtl. St\u00f6rungen in der Nutzung des Dienstes aufzudecken bzw. Ma\u00dfnahmen dagegen zu finden.<\/p>\n<p>Bei etwaigen vorhersehbaren Nutzungseinschr\u00e4nkungen werden die Nutzer sowohl per eMail als auch mittels Hinweisen auf der Website des RWK-Onlinemelders umgehend informiert.<\/p>\n<h3>Personenbezogene Daten<\/h3>\n<p>Die Funktion und die Kommunikation unseres Services sind auf die Daten unserer Nutzer angewiesen. Dabei sind personenbezogene Daten besonders sensibel \u2013 damit sind alle Informationen gemeint, welche sich eindeutig auf eine bestimmte, nat\u00fcrliche Person zur\u00fcckf\u00fchren lassen. Laut DSGVO besteht f\u00fcr uns die Verpflichtung, den gesamten Umfang aller derartigen Daten aufzulisten.<\/p>\n<p>In den einzelnen Modulen unseres Onlinedienstes <strong>RWK-Onlinemelder<\/strong> werden von uns als Auftragsdatenverarbeiter personenbezogene Daten verarbeitet, welche durch unsere Auftraggeber erhoben und in gesch\u00fctzten Datenbanken auf einem durch uns gemieteten Webserver\u00a0gespeichert werden. Zu diesem Zweck schlie\u00dfen wir als Auftragnehmer mit der\u00a0Bestellung\u00a0der Dienstleistung <strong>RWK-Onlinemelder<\/strong> mit unseren Auftraggebern auch zugleich einen Vertrag zur Auftragsdatenverarbeitung nach der DSGVO. Diesem liegt wiederum ein Vertrag zur Auftragsdatenverarbeitung zwischen uns und unserem Hosting-Dienstleister All-Inkl.com zugrunde. Der Vertragsinhalt wird dem Auftraggeber w\u00e4hrend des Bestellprozesses zur Einsicht angeboten und in personalisierter Ausfertigung mit der \u00dcbergabe der Zugangsdaten elektronisch \u00fcbermittelt. Eine h\u00e4ndische Unterschrift ist nicht erforderlich.<\/p>\n<p>Wir weisen darauf hin, dass es sich bei diesem Vertrag nach einem nach DSGVO obligatorischen Vorgang handelt, ohne welchen kein Auftragsverh\u00e4ltnis zustande kommen kann. Der Vertragsinhalt ist von uns als Auftragnehmer vorformuliert und inhaltlich gepr\u00fcft. M\u00f6chte der Auftraggeber einen eigenformulierten Vertragsinhalt abschlie\u00dfen, behalten wir uns eine Aufwandsberechnung f\u00fcr die Inhaltspr\u00fcfung vor.<\/p>\n<p>Bei der ausschlie\u00dflich automatischen Verarbeitung der auf unseren Systemen gespeicherten Daten handeln wir als Auftragnehmer strikt auf Weisung unseres Auftraggebers. Unser Auftraggeber ist stets &#8220;Herr der Daten&#8221; und f\u00fcr die\u00a0Zul\u00e4ssigkeit der Verarbeitung personenbezogener Daten auf den ihm zur Verf\u00fcgung gestellten Systemen,\u00a0f\u00fcr den Umfang der hochgeladenen und gespeicherten Daten sowie f\u00fcr die Wahrung\u00a0der Rechte Betroffener in vollem Umfang allein verantwortlich.<\/p>\n<p align=\"LEFT\">Der Auftraggeber stellt den Auftragnehmer in seinem Verantwortungsbereich von Anspr\u00fcchen Betroffener gegen\u00fcber dem Auftragnehmer frei (Art. 82 DS-GVO bleibt unber\u00fchrt).<\/p>\n<p>Grunds\u00e4tzlich greift der Auftragnehmer selbst nicht auf gespeicherte personenbezogene Daten zu. Muss\u00a0dies\u00a0zur Vertragserf\u00fcllung,\u00a0zu Supportzwecken oder zur Aufrechterhaltung des Dienstbetriebes dennoch geschehen, so handelt er ausdr\u00fccklich stets nur auf Weisung des Auftraggebers und unter voller Ber\u00fccksichtigung der europ\u00e4ischen und deutschen Datenschutzgesetze.<\/p>\n<p>Eine Weitergabe der Daten an Dritte erfolgt nicht.<\/p>\n<h4>Zahlungsbedingungen &#8211; Nutzungsbereitstellung<\/h4>\n<p><strong>Generell:<\/strong><br \/>\nEine Wettkampfsaison wird wie folgt terminiert:<\/p>\n<table id=\"AutoNumber1\" border=\"0\" cellspacing=\"0\" cellpadding=\"0\">\n<tbody>\n<tr>\n<td>f\u00fcr alle Sch\u00fctzenverb\u00e4nde:<\/td>\n<td>vom 1. September &#8211; 31. August des Folgejahres<\/td>\n<\/tr>\n<\/tbody>\n<\/table>\n<hr \/>\n<p>Neue Nutzer des Wettkampfdienstes RWK-Onlinemelder melden sich zwischen dem 01.01. und 31.07. eines Jahres f\u00fcr eine vorerst kostenlose Testnutzung an. Damit ist ein ausreichender Zeitraum f\u00fcr ausf\u00fchrliche Tests seitens eines k\u00fcnftigen Nutzers gegeben.<br \/>\n<span style=\"text-decoration: underline;\"><strong>Diese Testnutzung muss zum 31. Juli desselben Jahres aber wieder gek\u00fcndigt werden, sofern keine weitere Nutzung des RWK-Onlinemelders gew\u00fcnscht ist.<\/strong><\/span><br \/>\n<span style=\"text-decoration: underline;\"><strong> Es gelten die K\u00fcndigungsbedingungen und -fristen wie im Abschnitt [K\u00fcndigung] beschrieben.<\/strong><\/span><\/p>\n<p>Bei Ausbleiben der K\u00fcndigung erfolgt die Belastung erst zum 1. September des laufenden Jahres im Voraus f\u00fcr die folgende Wettkampfsaison.<\/p>\n<p><span style=\"text-decoration: underline;\">Jede<\/span> Neuanmeldung im o.g. Zeitraum wird vorerst als <span style=\"text-decoration: underline;\">reine Testnutzung<\/span> angesehen. D.h. dass eine Belastung des Nutzungsentgeltes bei Ausbleiben einer entsprechenden K\u00fcndigung generell erst zum 1. September des laufenden Jahres erfolgt.<br \/>\nBei Neuanmeldungen im \u00fcbrigen Zeitraum erfolgt die Belastung ca. 14 Tage nach Anmeldebest\u00e4tigung und Mitteilung der Administratorkennung f\u00fcr die zum Zeitpunkt der Anmeldung bereits laufende oder unmittelbar bevorstehende Wettkampfsaison.<\/p>\n<p>Der Nutzungsvertrag verl\u00e4ngert sich automatisch um ein Jahr, sofern zum angegebenen Zeitpunkt keine ordentliche K\u00fcndigung seitens des Nutzers vorliegt.<\/p>\n<p>Bei Folgenutzung erfolgt die Belastung zum 1. September im Voraus f\u00fcr die folgende Wettkampfsaison.<\/p>\n<p>Der Benutzer erh\u00e4lt nach seiner Anmeldung beim RWK-Onlinemelder eine Administratorkennung f\u00fcr alle\u00a0Bereiche des RWK-Onlinemelders inkl. RWK-Planung. In den Einstellungen des RWK-Onlinemelders generiert er sich selbst eine Benutzerkennung f\u00fcr seine Vereine f\u00fcr den Bereich der Onlinemeldung.<br \/>\nDer Benutzer verpflichtet sich f\u00fcr einen pfleglichen und vertrauensvollen Umgang mit diesen beiden Kennungen, um eine missbr\u00e4uchliche Anwendung des freigegebenen Dienstes soweit wie m\u00f6glich auszuschlie\u00dfen.<br \/>\nDie Benutzerkennung f\u00fcr den Bereich der Onlinemeldung ist nur den am Rundenwettkampf des jeweiligen Gaues teilnehmenden Vereinen bzw. Mannschaften mitzuteilen. Erst diese Benutzerkennung erm\u00f6glicht den beteiligten Mannschaften den Zugriff auf die Funktionen des RWK-Onlinemelders.<br \/>\nDie Administratorkennung sollte nur dem jeweiligen\u00a0RWK-Leiter oder der mit der Administration des Rundenwettkampfes betrauten Person bekannt sein. Sie erm\u00f6glicht den Zugriff auf die verbandsbezogenen Daten wie Wettkampfpl\u00e4ne und Mitgliederdaten.<\/p>\n<p>Bei Neuanmeldung erfolgt die Nutzungsbereitstellung durch Mitteilung der Administratorkennung per eMail innerhalb l\u00e4ngstens 2 Wochen, vorbehaltlich des korrekten Zahlungseinganges bei Belastung mittels Bankeinzug. Die Nutzung ist \u00fcber die Wettkampfsaison hinaus ganzj\u00e4hrig g\u00fcltig.<\/p>\n<p>Die Zahlung des Nutzungsentgeltes erfolgt ausschlie\u00dflich \u00fcber Bankeinzug im SEPA-Basislastschriftverfahren.<br \/>\nDer Nutzer hat f\u00fcr die Deckung des angegebenen Kontos, f\u00fcr das die Bankeinzugserm\u00e4chtigung erteilt wurde, zum Zeitpunkt der Belastung Sorge zu tragen.<\/p>\n<p>Liegt zum Zeitpunkt der Belastung keine Kontodeckung vor bzw. wird der Bankeinzug von der zu belastenden Bank abgelehnt, so erlischt die Nutzungsberechtigung. In diesem Fall wird die erteilte Administratorkennung und damit auch die selbst generierte Benutzerkennung ung\u00fcltig geschaltet und die durch den fehlgeschlagenen Bankeinzug entstandenen Kosten zuz\u00fcglich 50% Verwaltungsaufwand zur Zahlung in Rechnung gestellt. Diese Kosten werden notfalls durch ein Inkassounternehmen samt deren entstandenen Kosten eingetrieben.<br \/>\nNach R\u00fcckfrage werden au\u00dferdem s\u00e4mtliche auf unserem Server gespeicherten verbandsbezogenen Daten gel\u00f6scht.<\/p>\n<h4>K\u00fcndigung<\/h4>\n<p>Eine evtl. K\u00fcndigung der Nutzung des RWK-Onlinemelders seitens des Nutzers hat bis sp\u00e4testens 1 Monat vor Belastungstermin, d.h. <strong>bis sp\u00e4testens 31. Juli eines Jahres<\/strong> zu erfolgen. Es fallen keine weiteren Kosten an.<br \/>\nDie K\u00fcndigung hat <strong><span style=\"text-decoration: underline;\">schriftlich oder per Fax<\/span><\/strong> mit <span style=\"text-decoration: underline;\"><strong>Angabe des Gaunamens sowie der Administratorkennung<\/strong><\/span> zu erfolgen.<br \/>\nDie K\u00fcndigung ist auch per <a href=\"https:\/\/www.rwk-onlinemelder.de\/anmelden\/kuendigung\/\">Web-Formular<\/a> mit o.g. Angaben m\u00f6glich.<br \/>\n<span style=\"text-decoration: underline;\">Bitte unbedingt beachten:<\/span> die Angabe des Verbandsnamens und der Administratorkennung ist zwingend erforderlich!<\/p>\n<p>Nach dem 31. Juli eines Jahres ist keine K\u00fcndigung f\u00fcr die darauffolgende Wettkampfsaison mehr m\u00f6glich; das Nutzungsentgelt w\u00fcrde auch bei einer Nichtnutzung unseres Dienstes verfallen. Die Benutzer- und Administratorkennung beh\u00e4lt f\u00fcr die dem 1. September folgende Wettkampfsaison G\u00fcltigkeit.<\/p>\n<p>Bei ordentlicher K\u00fcndigung werden s\u00e4mtliche auf unserem Server gespeicherten verbandsbezogenen Daten unwiderruflich und unmittelbar, sp\u00e4testens jedoch nach Ablauf der bezahlten Wettkampfsaison, gel\u00f6scht.<\/p>\n<hr \/>\n<p>Der Anbieter beh\u00e4lt sich vor, die Dienstleistung &#8220;RWK-Onlinemelder&#8221; \u00fcber <strong>www.rwk-onlinemelder.de<\/strong> aus technischen oder auch wirtschaftlichen Gr\u00fcnden jederzeit gegen\u00fcber seinen Nutzern zu k\u00fcndigen.<br \/>\nEine derartige K\u00fcndigung erfolgt jedoch erst nach bzw. zum Ablauf einer Wettkampfsaison, f\u00fcr die entsprechende Nutzungsvertr\u00e4ge vorliegen.<\/p>\n<p>Stand: Erstfassung 31.07.2005 &#8211; aktualisiert: 01.02.2014\/13.07.2017\/25.05.2018<\/p>\n","protected":false},"excerpt":{"rendered":"<p>Allgemein Der in den nachfolgenden Nutzungsbedingungen genannte &#8220;Benutzer\/Auftraggeber&#8221; ist im Sinne dieser AGB der jeweilige Sch\u00fctzenverband (Kreis\/Gau\/Bezirk), der den RWK-Onlinemelder gegen Zahlung eines saisonalen Nutzungsentgelts seinen angeschlossenen Vereinen zur Verf\u00fcgung stellt. Der &#8220;Anbieter\/Auftragnehmer&#8221; ist im Sinne dieser AGB der Besitzer und Betreiber der Dienstleistung &#8220;RWK-Onlinemelder&#8221;. Die angebotene Dienstleistung &#8220;RWK-Onlinemelder&#8221; ist \u2026<\/p>\n","protected":false},"author":1,"featured_media":0,"parent":0,"menu_order":5,"comment_status":"closed","ping_status":"closed","template":"","meta":{"jetpack_post_was_ever_published":false,"footnotes":""},"class_list":["post-36","page","type-page","status-publish","hentry"],"translation":{"provider":"WPGlobus","version":"3.0.0","language":"en","enabled_languages":["de","en"],"languages":{"de":{"title":true,"content":true,"excerpt":false},"en":{"title":false,"content":false,"excerpt":false}}},"yoast_head":"<!-- This site is optimized with the Yoast SEO plugin v26.5 - https:\/\/yoast.com\/wordpress\/plugins\/seo\/ -->\n<title>Allgemeine Gesch\u00e4ftsbedingungen - RWK-Onlinemelder<\/title>\n<meta name=\"robots\" content=\"index, follow, max-snippet:-1, max-image-preview:large, max-video-preview:-1\" \/>\n<link rel=\"canonical\" href=\"https:\/\/www.rwk-onlinemelder.de\/agbs\/\" \/>\n<meta property=\"og:locale\" content=\"en_US\" \/>\n<meta property=\"og:type\" content=\"article\" \/>\n<meta property=\"og:title\" content=\"Allgemeine Gesch\u00e4ftsbedingungen - RWK-Onlinemelder\" \/>\n<meta property=\"og:url\" content=\"https:\/\/www.rwk-onlinemelder.de\/agbs\/\" \/>\n<meta property=\"og:site_name\" content=\"RWK-Onlinemelder\" \/>\n<meta property=\"article:modified_time\" content=\"2020-08-24T17:09:28+00:00\" \/>\n<meta property=\"og:image\" content=\"https:\/\/www.rwk-onlinemelder.de\/wp-content\/uploads\/2017\/12\/logo-design-dna.png\" \/>\n\t<meta property=\"og:image:width\" content=\"588\" \/>\n\t<meta property=\"og:image:height\" content=\"588\" \/>\n\t<meta property=\"og:image:type\" content=\"image\/png\" \/>\n<meta name=\"twitter:card\" content=\"summary_large_image\" \/>\n<meta name=\"twitter:label1\" content=\"Est. reading time\" \/>\n\t<meta name=\"twitter:data1\" content=\"7 minutes\" \/>\n<script type=\"application\/ld+json\" class=\"yoast-schema-graph\">{\"@context\":\"https:\/\/schema.org\",\"@graph\":[{\"@type\":\"WebPage\",\"@id\":\"https:\/\/www.rwk-onlinemelder.de\/agbs\/\",\"url\":\"https:\/\/www.rwk-onlinemelder.de\/agbs\/\",\"name\":\"Allgemeine Gesch\u00e4ftsbedingungen - RWK-Onlinemelder\",\"isPartOf\":{\"@id\":\"https:\/\/www.rwk-onlinemelder.de\/#website\"},\"datePublished\":\"2016-05-15T11:26:50+00:00\",\"dateModified\":\"2020-08-24T17:09:28+00:00\",\"breadcrumb\":{\"@id\":\"https:\/\/www.rwk-onlinemelder.de\/agbs\/#breadcrumb\"},\"inLanguage\":\"en-US\",\"potentialAction\":[{\"@type\":\"ReadAction\",\"target\":[\"https:\/\/www.rwk-onlinemelder.de\/agbs\/\"]}]},{\"@type\":\"BreadcrumbList\",\"@id\":\"https:\/\/www.rwk-onlinemelder.de\/agbs\/#breadcrumb\",\"itemListElement\":[{\"@type\":\"ListItem\",\"position\":1,\"name\":\"Startseite\",\"item\":\"https:\/\/www.rwk-onlinemelder.de\/\"},{\"@type\":\"ListItem\",\"position\":2,\"name\":\"Allgemeine Gesch\u00e4ftsbedingungen\"}]},{\"@type\":\"WebSite\",\"@id\":\"https:\/\/www.rwk-onlinemelder.de\/#website\",\"url\":\"https:\/\/www.rwk-onlinemelder.de\/\",\"name\":\"RWK-Onlinemelder\",\"description\":\"Competition ... fast, easy, save ... complete\",\"publisher\":{\"@id\":\"https:\/\/www.rwk-onlinemelder.de\/#organization\"},\"potentialAction\":[{\"@type\":\"SearchAction\",\"target\":{\"@type\":\"EntryPoint\",\"urlTemplate\":\"https:\/\/www.rwk-onlinemelder.de\/?s={search_term_string}\"},\"query-input\":{\"@type\":\"PropertyValueSpecification\",\"valueRequired\":true,\"valueName\":\"search_term_string\"}}],\"inLanguage\":\"en-US\"},{\"@type\":\"Organization\",\"@id\":\"https:\/\/www.rwk-onlinemelder.de\/#organization\",\"name\":\"RWK-Onlinemelder\",\"url\":\"https:\/\/www.rwk-onlinemelder.de\/\",\"logo\":{\"@type\":\"ImageObject\",\"inLanguage\":\"en-US\",\"@id\":\"https:\/\/www.rwk-onlinemelder.de\/#\/schema\/logo\/image\/\",\"url\":\"https:\/\/www.rwk-onlinemelder.de\/wp-content\/uploads\/2017\/12\/logo-design-dna.png\",\"contentUrl\":\"https:\/\/www.rwk-onlinemelder.de\/wp-content\/uploads\/2017\/12\/logo-design-dna.png\",\"width\":588,\"height\":588,\"caption\":\"RWK-Onlinemelder\"},\"image\":{\"@id\":\"https:\/\/www.rwk-onlinemelder.de\/#\/schema\/logo\/image\/\"}}]}<\/script>\n<!-- \/ Yoast SEO plugin. -->","yoast_head_json":{"title":"Allgemeine Gesch\u00e4ftsbedingungen - RWK-Onlinemelder","robots":{"index":"index","follow":"follow","max-snippet":"max-snippet:-1","max-image-preview":"max-image-preview:large","max-video-preview":"max-video-preview:-1"},"canonical":"https:\/\/www.rwk-onlinemelder.de\/agbs\/","og_locale":"en_US","og_type":"article","og_title":"Allgemeine Gesch\u00e4ftsbedingungen - RWK-Onlinemelder","og_url":"https:\/\/www.rwk-onlinemelder.de\/agbs\/","og_site_name":"RWK-Onlinemelder","article_modified_time":"2020-08-24T17:09:28+00:00","og_image":[{"width":588,"height":588,"url":"https:\/\/www.rwk-onlinemelder.de\/wp-content\/uploads\/2017\/12\/logo-design-dna.png","type":"image\/png"}],"twitter_card":"summary_large_image","twitter_misc":{"Est. reading time":"7 minutes"},"schema":{"@context":"https:\/\/schema.org","@graph":[{"@type":"WebPage","@id":"https:\/\/www.rwk-onlinemelder.de\/agbs\/","url":"https:\/\/www.rwk-onlinemelder.de\/agbs\/","name":"Allgemeine Gesch\u00e4ftsbedingungen - RWK-Onlinemelder","isPartOf":{"@id":"https:\/\/www.rwk-onlinemelder.de\/#website"},"datePublished":"2016-05-15T11:26:50+00:00","dateModified":"2020-08-24T17:09:28+00:00","breadcrumb":{"@id":"https:\/\/www.rwk-onlinemelder.de\/agbs\/#breadcrumb"},"inLanguage":"en-US","potentialAction":[{"@type":"ReadAction","target":["https:\/\/www.rwk-onlinemelder.de\/agbs\/"]}]},{"@type":"BreadcrumbList","@id":"https:\/\/www.rwk-onlinemelder.de\/agbs\/#breadcrumb","itemListElement":[{"@type":"ListItem","position":1,"name":"Startseite","item":"https:\/\/www.rwk-onlinemelder.de\/"},{"@type":"ListItem","position":2,"name":"Allgemeine Gesch\u00e4ftsbedingungen"}]},{"@type":"WebSite","@id":"https:\/\/www.rwk-onlinemelder.de\/#website","url":"https:\/\/www.rwk-onlinemelder.de\/","name":"RWK-Onlinemelder","description":"Competition ... fast, easy, save ... complete","publisher":{"@id":"https:\/\/www.rwk-onlinemelder.de\/#organization"},"potentialAction":[{"@type":"SearchAction","target":{"@type":"EntryPoint","urlTemplate":"https:\/\/www.rwk-onlinemelder.de\/?s={search_term_string}"},"query-input":{"@type":"PropertyValueSpecification","valueRequired":true,"valueName":"search_term_string"}}],"inLanguage":"en-US"},{"@type":"Organization","@id":"https:\/\/www.rwk-onlinemelder.de\/#organization","name":"RWK-Onlinemelder","url":"https:\/\/www.rwk-onlinemelder.de\/","logo":{"@type":"ImageObject","inLanguage":"en-US","@id":"https:\/\/www.rwk-onlinemelder.de\/#\/schema\/logo\/image\/","url":"https:\/\/www.rwk-onlinemelder.de\/wp-content\/uploads\/2017\/12\/logo-design-dna.png","contentUrl":"https:\/\/www.rwk-onlinemelder.de\/wp-content\/uploads\/2017\/12\/logo-design-dna.png","width":588,"height":588,"caption":"RWK-Onlinemelder"},"image":{"@id":"https:\/\/www.rwk-onlinemelder.de\/#\/schema\/logo\/image\/"}}]}},"jetpack_sharing_enabled":true,"_links":{"self":[{"href":"https:\/\/www.rwk-onlinemelder.de\/en\/wp-json\/wp\/v2\/pages\/36","targetHints":{"allow":["GET"]}}],"collection":[{"href":"https:\/\/www.rwk-onlinemelder.de\/en\/wp-json\/wp\/v2\/pages"}],"about":[{"href":"https:\/\/www.rwk-onlinemelder.de\/en\/wp-json\/wp\/v2\/types\/page"}],"author":[{"embeddable":true,"href":"https:\/\/www.rwk-onlinemelder.de\/en\/wp-json\/wp\/v2\/users\/1"}],"replies":[{"embeddable":true,"href":"https:\/\/www.rwk-onlinemelder.de\/en\/wp-json\/wp\/v2\/comments?post=36"}],"version-history":[{"count":14,"href":"https:\/\/www.rwk-onlinemelder.de\/en\/wp-json\/wp\/v2\/pages\/36\/revisions"}],"predecessor-version":[{"id":1671,"href":"https:\/\/www.rwk-onlinemelder.de\/en\/wp-json\/wp\/v2\/pages\/36\/revisions\/1671"}],"wp:attachment":[{"href":"https:\/\/www.rwk-onlinemelder.de\/en\/wp-json\/wp\/v2\/media?parent=36"}],"curies":[{"name":"wp","href":"https:\/\/api.w.org\/{rel}","templated":true}]}}