{"id":137,"date":"2016-05-16T15:37:51","date_gmt":"2016-05-16T13:37:51","guid":{"rendered":"https:\/\/www.rwk-onlinemelder.de\/?page_id=137"},"modified":"2022-10-30T12:18:43","modified_gmt":"2022-10-30T11:18:43","slug":"online-support","status":"publish","type":"page","link":"https:\/\/www.rwk-onlinemelder.de\/en\/rwk-service\/online-support\/","title":{"rendered":"Online Support"},"content":{"rendered":"<p><img loading=\"lazy\" decoding=\"async\" data-attachment-id=\"1718\" data-permalink=\"https:\/\/www.rwk-onlinemelder.de\/en\/rwk-service\/online-support\/anydesk-2\/\" data-orig-file=\"https:\/\/www.rwk-onlinemelder.de\/wp-content\/uploads\/2022\/08\/anydesk-1.png\" data-orig-size=\"1446,1014\" data-comments-opened=\"0\" data-image-meta=\"{&quot;aperture&quot;:&quot;0&quot;,&quot;credit&quot;:&quot;&quot;,&quot;camera&quot;:&quot;&quot;,&quot;caption&quot;:&quot;&quot;,&quot;created_timestamp&quot;:&quot;0&quot;,&quot;copyright&quot;:&quot;&quot;,&quot;focal_length&quot;:&quot;0&quot;,&quot;iso&quot;:&quot;0&quot;,&quot;shutter_speed&quot;:&quot;0&quot;,&quot;title&quot;:&quot;&quot;,&quot;orientation&quot;:&quot;0&quot;}\" data-image-title=\"AnyDesk\" data-image-description=\"\" data-image-caption=\"\" data-medium-file=\"https:\/\/www.rwk-onlinemelder.de\/wp-content\/uploads\/2022\/08\/anydesk-1-300x210.png\" data-large-file=\"https:\/\/www.rwk-onlinemelder.de\/wp-content\/uploads\/2022\/08\/anydesk-1-1024x718.png\" class=\"alignright wp-image-1718 size-medium\" src=\"https:\/\/www.rwk-onlinemelder.de\/wp-content\/uploads\/2022\/08\/anydesk-1-300x210.png\" alt=\"Screenshot des AnyDesk-Online-Support-Programm\" width=\"300\" height=\"210\" srcset=\"https:\/\/www.rwk-onlinemelder.de\/wp-content\/uploads\/2022\/08\/anydesk-1-300x210.png 300w, https:\/\/www.rwk-onlinemelder.de\/wp-content\/uploads\/2022\/08\/anydesk-1-1024x718.png 1024w, https:\/\/www.rwk-onlinemelder.de\/wp-content\/uploads\/2022\/08\/anydesk-1-768x539.png 768w, https:\/\/www.rwk-onlinemelder.de\/wp-content\/uploads\/2022\/08\/anydesk-1-499x350.png 499w, https:\/\/www.rwk-onlinemelder.de\/wp-content\/uploads\/2022\/08\/anydesk-1.png 1446w\" sizes=\"auto, (max-width: 300px) 100vw, 300px\" \/><\/p>\n<p style=\"text-align: justify;\">Sofern Sie mit dem Internet verbunden sind, k\u00f6nnen Sie uns im Rahmen dieses Online-Supports\u00a0in die Lage versetzen, Ihren Bildschirm einzusehen.<br \/>\nDamit geben Sie uns die M\u00f6glichkeit, Sie direkt an Ihrem PC bei der Einrichtung und Bedienung des <a href=\"https:\/\/www.rwk-onlinemelder.de\/produkte\/rwk-onlinemelder\/\">RWK-Onlinemelders<\/a> zu unterst\u00fctzen. Sparen Sie unn\u00f6tige Anfahrtskosten, und lassen Sie Ihre Computerprobleme hier und jetzt online l\u00f6sen, egal ob Sie mit Ihrem PC gerade zuhause, im B\u00fcro, im Hotelzimmer oder im Urlaub sind. Vereinbaren Sie mit uns eine Fernsitzung, entweder per Mail, oder einfach telefonisch unter\u00a0<a title=\"Support anrufen\" href=\"tel:+4990781591\">+49 9078 1591<\/a>, wir helfen Ihnen gerne weiter und freuen uns schon darauf, von Ihnen zu h\u00f6ren.<\/p>\n<p style=\"text-align: justify;\"><small>Laden Sie das Supportprogramm <strong><a id=\"qslink\" title=\"AnyDesk Online-Support-Programm\" href=\"#\">AnyDesk<\/a><\/strong> herunter oder starten Sie es direkt mittels &#8220;Ausf\u00fchren&#8221;. Weitere Informationen \u00fcber AnyDesk erhalten Sie auf der <a href=\"https:\/\/anydesk.com\" target=\"_blank\" rel=\"noopener\">Herstellerseite<\/a>.<\/small><\/p>\n<p style=\"text-align: justify;\">Starten Sie das Programm und nennen Sie uns die angezeigte AnyDesk-ID sowie das Kennwort, damit wir eine gesicherte Verbindung zu Ihrem PC herstellen k\u00f6nnen und schon bald sind Ihre Probleme Schnee von gestern.<\/p>\n<p><script type=\"text\/javascript\">var ua = navigator.userAgent;var link = \"\";if (ua.indexOf(\"Mac\") > -1) {link = \"https:\/\/www.rwk-onlinemelder.de\/service\/support\/anydesk.dmg\";} else if (ua.indexOf(\"Ubuntu\") > -1) {link = \"https:\/\/www.rwk-onlinemelder.de\/service\/support\/anydesk_6.2.0-1_amd64.deb\";} else if (ua.indexOf(\"Debian\") > -1) {link = \"https:\/\/www.rwk-onlinemelder.de\/service\/support\/anydesk_6.2.0-1_amd64.deb\";} else {link = \"https:\/\/www.rwk-onlinemelder.de\/service\/support\/AnyDesk.exe\";}var qslink = document.getElementById(\"qslink\");qslink.href = link;<\/script><\/p>\n","protected":false},"excerpt":{"rendered":"<p>Sofern Sie mit dem Internet verbunden sind, k\u00f6nnen Sie uns im Rahmen dieses Online-Supports\u00a0in die Lage versetzen, Ihren Bildschirm einzusehen. Damit geben Sie uns die M\u00f6glichkeit, Sie direkt an Ihrem PC bei der Einrichtung und Bedienung des RWK-Onlinemelders zu unterst\u00fctzen. Sparen Sie unn\u00f6tige Anfahrtskosten, und lassen Sie Ihre Computerprobleme hier \u2026<\/p>\n","protected":false},"author":1,"featured_media":0,"parent":61,"menu_order":0,"comment_status":"closed","ping_status":"closed","template":"","meta":{"jetpack_post_was_ever_published":false,"footnotes":""},"class_list":["post-137","page","type-page","status-publish","hentry"],"translation":{"provider":"WPGlobus","version":"3.0.0","language":"en","enabled_languages":["de","en"],"languages":{"de":{"title":true,"content":true,"excerpt":false},"en":{"title":false,"content":false,"excerpt":false}}},"yoast_head":"<!-- This site is optimized with the Yoast SEO plugin v26.5 - https:\/\/yoast.com\/wordpress\/plugins\/seo\/ -->\n<title>Online-Support - RWK-Onlinemelder<\/title>\n<meta name=\"robots\" content=\"index, follow, max-snippet:-1, max-image-preview:large, max-video-preview:-1\" \/>\n<link rel=\"canonical\" href=\"https:\/\/www.rwk-onlinemelder.de\/rwk-service\/online-support\/\" \/>\n<meta property=\"og:locale\" content=\"en_US\" \/>\n<meta property=\"og:type\" content=\"article\" \/>\n<meta property=\"og:title\" content=\"Online Support - RWK-Onlinemelder\" \/>\n<meta property=\"og:url\" content=\"https:\/\/www.rwk-onlinemelder.de\/rwk-service\/online-support\/\" \/>\n<meta property=\"og:site_name\" content=\"RWK-Onlinemelder\" \/>\n<meta property=\"article:modified_time\" content=\"2022-10-30T11:18:43+00:00\" \/>\n<meta property=\"og:image\" content=\"https:\/\/www.rwk-onlinemelder.de\/wp-content\/uploads\/2022\/08\/anydesk-1-300x210.png\" \/>\n<meta name=\"twitter:card\" content=\"summary_large_image\" \/>\n<meta name=\"twitter:label1\" content=\"Est. reading time\" \/>\n\t<meta name=\"twitter:data1\" content=\"2 minutes\" \/>\n<script type=\"application\/ld+json\" class=\"yoast-schema-graph\">{\"@context\":\"https:\/\/schema.org\",\"@graph\":[{\"@type\":\"WebPage\",\"@id\":\"https:\/\/www.rwk-onlinemelder.de\/rwk-service\/online-support\/\",\"url\":\"https:\/\/www.rwk-onlinemelder.de\/rwk-service\/online-support\/\",\"name\":\"Online-Support - RWK-Onlinemelder\",\"isPartOf\":{\"@id\":\"https:\/\/www.rwk-onlinemelder.de\/#website\"},\"primaryImageOfPage\":{\"@id\":\"https:\/\/www.rwk-onlinemelder.de\/rwk-service\/online-support\/#primaryimage\"},\"image\":{\"@id\":\"https:\/\/www.rwk-onlinemelder.de\/rwk-service\/online-support\/#primaryimage\"},\"thumbnailUrl\":\"https:\/\/www.rwk-onlinemelder.de\/wp-content\/uploads\/2022\/08\/anydesk-1-300x210.png\",\"datePublished\":\"2016-05-16T13:37:51+00:00\",\"dateModified\":\"2022-10-30T11:18:43+00:00\",\"description\":\"Sie erhalten einfach und \u00fcberall Hilfe bei der Nutzung des RWK-Onlinemelders und seiner Tools mit unserem Online-Support.\",\"breadcrumb\":{\"@id\":\"https:\/\/www.rwk-onlinemelder.de\/rwk-service\/online-support\/#breadcrumb\"},\"inLanguage\":\"en-US\",\"potentialAction\":[{\"@type\":\"ReadAction\",\"target\":[\"https:\/\/www.rwk-onlinemelder.de\/rwk-service\/online-support\/\"]}]},{\"@type\":\"ImageObject\",\"inLanguage\":\"en-US\",\"@id\":\"https:\/\/www.rwk-onlinemelder.de\/rwk-service\/online-support\/#primaryimage\",\"url\":\"https:\/\/www.rwk-onlinemelder.de\/wp-content\/uploads\/2022\/08\/anydesk-1-300x210.png\",\"contentUrl\":\"https:\/\/www.rwk-onlinemelder.de\/wp-content\/uploads\/2022\/08\/anydesk-1-300x210.png\"},{\"@type\":\"BreadcrumbList\",\"@id\":\"https:\/\/www.rwk-onlinemelder.de\/rwk-service\/online-support\/#breadcrumb\",\"itemListElement\":[{\"@type\":\"ListItem\",\"position\":1,\"name\":\"Startseite\",\"item\":\"https:\/\/www.rwk-onlinemelder.de\/\"},{\"@type\":\"ListItem\",\"position\":2,\"name\":\"Service\",\"item\":\"https:\/\/www.rwk-onlinemelder.de\/rwk-service\/\"},{\"@type\":\"ListItem\",\"position\":3,\"name\":\"Online Support\"}]},{\"@type\":\"WebSite\",\"@id\":\"https:\/\/www.rwk-onlinemelder.de\/#website\",\"url\":\"https:\/\/www.rwk-onlinemelder.de\/\",\"name\":\"RWK-Onlinemelder\",\"description\":\"Competition ... fast, easy, save ... complete\",\"publisher\":{\"@id\":\"https:\/\/www.rwk-onlinemelder.de\/#organization\"},\"potentialAction\":[{\"@type\":\"SearchAction\",\"target\":{\"@type\":\"EntryPoint\",\"urlTemplate\":\"https:\/\/www.rwk-onlinemelder.de\/?s={search_term_string}\"},\"query-input\":{\"@type\":\"PropertyValueSpecification\",\"valueRequired\":true,\"valueName\":\"search_term_string\"}}],\"inLanguage\":\"en-US\"},{\"@type\":\"Organization\",\"@id\":\"https:\/\/www.rwk-onlinemelder.de\/#organization\",\"name\":\"RWK-Onlinemelder\",\"url\":\"https:\/\/www.rwk-onlinemelder.de\/\",\"logo\":{\"@type\":\"ImageObject\",\"inLanguage\":\"en-US\",\"@id\":\"https:\/\/www.rwk-onlinemelder.de\/#\/schema\/logo\/image\/\",\"url\":\"https:\/\/www.rwk-onlinemelder.de\/wp-content\/uploads\/2017\/12\/logo-design-dna.png\",\"contentUrl\":\"https:\/\/www.rwk-onlinemelder.de\/wp-content\/uploads\/2017\/12\/logo-design-dna.png\",\"width\":588,\"height\":588,\"caption\":\"RWK-Onlinemelder\"},\"image\":{\"@id\":\"https:\/\/www.rwk-onlinemelder.de\/#\/schema\/logo\/image\/\"}}]}<\/script>\n<!-- \/ Yoast SEO plugin. -->","yoast_head_json":{"title":"Online-Support - RWK-Onlinemelder","robots":{"index":"index","follow":"follow","max-snippet":"max-snippet:-1","max-image-preview":"max-image-preview:large","max-video-preview":"max-video-preview:-1"},"canonical":"https:\/\/www.rwk-onlinemelder.de\/rwk-service\/online-support\/","og_locale":"en_US","og_type":"article","og_title":"Online Support - RWK-Onlinemelder","og_url":"https:\/\/www.rwk-onlinemelder.de\/rwk-service\/online-support\/","og_site_name":"RWK-Onlinemelder","article_modified_time":"2022-10-30T11:18:43+00:00","og_image":[{"url":"https:\/\/www.rwk-onlinemelder.de\/wp-content\/uploads\/2022\/08\/anydesk-1-300x210.png","type":"","width":"","height":""}],"twitter_card":"summary_large_image","twitter_misc":{"Est. reading time":"2 minutes"},"schema":{"@context":"https:\/\/schema.org","@graph":[{"@type":"WebPage","@id":"https:\/\/www.rwk-onlinemelder.de\/rwk-service\/online-support\/","url":"https:\/\/www.rwk-onlinemelder.de\/rwk-service\/online-support\/","name":"Online-Support - RWK-Onlinemelder","isPartOf":{"@id":"https:\/\/www.rwk-onlinemelder.de\/#website"},"primaryImageOfPage":{"@id":"https:\/\/www.rwk-onlinemelder.de\/rwk-service\/online-support\/#primaryimage"},"image":{"@id":"https:\/\/www.rwk-onlinemelder.de\/rwk-service\/online-support\/#primaryimage"},"thumbnailUrl":"https:\/\/www.rwk-onlinemelder.de\/wp-content\/uploads\/2022\/08\/anydesk-1-300x210.png","datePublished":"2016-05-16T13:37:51+00:00","dateModified":"2022-10-30T11:18:43+00:00","description":"Sie erhalten einfach und \u00fcberall Hilfe bei der Nutzung des RWK-Onlinemelders und seiner Tools mit unserem Online-Support.","breadcrumb":{"@id":"https:\/\/www.rwk-onlinemelder.de\/rwk-service\/online-support\/#breadcrumb"},"inLanguage":"en-US","potentialAction":[{"@type":"ReadAction","target":["https:\/\/www.rwk-onlinemelder.de\/rwk-service\/online-support\/"]}]},{"@type":"ImageObject","inLanguage":"en-US","@id":"https:\/\/www.rwk-onlinemelder.de\/rwk-service\/online-support\/#primaryimage","url":"https:\/\/www.rwk-onlinemelder.de\/wp-content\/uploads\/2022\/08\/anydesk-1-300x210.png","contentUrl":"https:\/\/www.rwk-onlinemelder.de\/wp-content\/uploads\/2022\/08\/anydesk-1-300x210.png"},{"@type":"BreadcrumbList","@id":"https:\/\/www.rwk-onlinemelder.de\/rwk-service\/online-support\/#breadcrumb","itemListElement":[{"@type":"ListItem","position":1,"name":"Startseite","item":"https:\/\/www.rwk-onlinemelder.de\/"},{"@type":"ListItem","position":2,"name":"Service","item":"https:\/\/www.rwk-onlinemelder.de\/rwk-service\/"},{"@type":"ListItem","position":3,"name":"Online Support"}]},{"@type":"WebSite","@id":"https:\/\/www.rwk-onlinemelder.de\/#website","url":"https:\/\/www.rwk-onlinemelder.de\/","name":"RWK-Onlinemelder","description":"Competition ... fast, easy, save ... complete","publisher":{"@id":"https:\/\/www.rwk-onlinemelder.de\/#organization"},"potentialAction":[{"@type":"SearchAction","target":{"@type":"EntryPoint","urlTemplate":"https:\/\/www.rwk-onlinemelder.de\/?s={search_term_string}"},"query-input":{"@type":"PropertyValueSpecification","valueRequired":true,"valueName":"search_term_string"}}],"inLanguage":"en-US"},{"@type":"Organization","@id":"https:\/\/www.rwk-onlinemelder.de\/#organization","name":"RWK-Onlinemelder","url":"https:\/\/www.rwk-onlinemelder.de\/","logo":{"@type":"ImageObject","inLanguage":"en-US","@id":"https:\/\/www.rwk-onlinemelder.de\/#\/schema\/logo\/image\/","url":"https:\/\/www.rwk-onlinemelder.de\/wp-content\/uploads\/2017\/12\/logo-design-dna.png","contentUrl":"https:\/\/www.rwk-onlinemelder.de\/wp-content\/uploads\/2017\/12\/logo-design-dna.png","width":588,"height":588,"caption":"RWK-Onlinemelder"},"image":{"@id":"https:\/\/www.rwk-onlinemelder.de\/#\/schema\/logo\/image\/"}}]}},"jetpack_sharing_enabled":true,"_links":{"self":[{"href":"https:\/\/www.rwk-onlinemelder.de\/en\/wp-json\/wp\/v2\/pages\/137","targetHints":{"allow":["GET"]}}],"collection":[{"href":"https:\/\/www.rwk-onlinemelder.de\/en\/wp-json\/wp\/v2\/pages"}],"about":[{"href":"https:\/\/www.rwk-onlinemelder.de\/en\/wp-json\/wp\/v2\/types\/page"}],"author":[{"embeddable":true,"href":"https:\/\/www.rwk-onlinemelder.de\/en\/wp-json\/wp\/v2\/users\/1"}],"replies":[{"embeddable":true,"href":"https:\/\/www.rwk-onlinemelder.de\/en\/wp-json\/wp\/v2\/comments?post=137"}],"version-history":[{"count":39,"href":"https:\/\/www.rwk-onlinemelder.de\/en\/wp-json\/wp\/v2\/pages\/137\/revisions"}],"predecessor-version":[{"id":1773,"href":"https:\/\/www.rwk-onlinemelder.de\/en\/wp-json\/wp\/v2\/pages\/137\/revisions\/1773"}],"up":[{"embeddable":true,"href":"https:\/\/www.rwk-onlinemelder.de\/en\/wp-json\/wp\/v2\/pages\/61"}],"wp:attachment":[{"href":"https:\/\/www.rwk-onlinemelder.de\/en\/wp-json\/wp\/v2\/media?parent=137"}],"curies":[{"name":"wp","href":"https:\/\/api.w.org\/{rel}","templated":true}]}}